{"id":12648,"date":"2022-11-30T17:23:46","date_gmt":"2022-11-30T17:23:46","guid":{"rendered":"https:\/\/fvgear.com\/?post_type=product&#038;p=12648"},"modified":"2022-11-30T17:31:18","modified_gmt":"2022-11-30T17:31:18","slug":"zluty-diamant","status":"publish","type":"product","link":"https:\/\/4c.top-me.eu\/en\/product\/zluty-diamant\/","title":{"rendered":"Diamant &#8211; Fancy Vivid Yellow &#8211; 0,29 ct"},"content":{"rendered":"<p>Fancy vivid yellow diamond &#8211; fancy z\u00e1\u0159iv\u011b \u017elut\u00fd diamant s p\u0159\u00edrodn\u00ed neupravovanou barvou je jedn\u00edm z \u00fa\u017easn\u011b zbarven\u00fdch jihoafrick\u00fdch diamant\u016f v na\u0161\u00ed nab\u00eddce. P\u0159\u00edrodn\u00ed diamanty zbarven\u00e9 v atraktivn\u00ed &#8220;fancy&#8221; barvy pat\u0159\u00ed mezi nejdra\u017e\u0161\u00ed drah\u00e9 kameny v\u016fbec. Nab\u00edz\u00edme jej s bezkonkuren\u010dn\u00ed cenou, kter\u00e1 z n\u011bj d\u011bl\u00e1 velmi v\u00fdhodnou investici. Tento z\u00e1\u0159iv\u011b \u017elut\u00fd briliant je vhodn\u00fd k osazen\u00ed do jedine\u010dn\u00e9ho reprezentativn\u00edho \u0161perku.<\/p>\n<p>Diamant je opat\u0159en\u00fd mezin\u00e1rodn\u011b uzn\u00e1van\u00fdm certifik\u00e1tem <a href=\"http:\/\/www.cgl-labs.com\/\">CGL laborato\u0159e<\/a>.<\/p>\n<p>Tvar a typ brusu: Kulat\u00fd briliant<\/p>\n<p>Rozm\u011bry: 4,25 \u2013 4,27 \/ 2,57 mm<\/p>\n<p>Hmotnost: 0,29 ct<\/p>\n<p>T\u0159\u00edda barvy: Fancy Vivid Yellow<\/p>\n<p>Kvalita brusu: Very Good<\/p>\n<p>Lesk: Very Good<\/p>\n<p>Symetrie: Very Good<\/p>\n<p>Fluorescence: None<\/p>\n<p>CGL report number: 2096545903060149<\/p>\n<div style=\"width: 640px;\" class=\"wp-video\"><video class=\"wp-video-shortcode\" id=\"video-12648-1\" width=\"640\" height=\"427\" preload=\"metadata\" controls=\"controls\"><source type=\"video\/mp4\" src=\"https:\/\/4c.top-me.eu\/wp-content\/uploads\/2022\/11\/D4912.mp4?_=1\" \/><a href=\"https:\/\/4c.top-me.eu\/wp-content\/uploads\/2022\/11\/D4912.mp4\">https:\/\/4c.top-me.eu\/wp-content\/uploads\/2022\/11\/D4912.mp4<\/a><\/video><\/div>\n","protected":false},"excerpt":{"rendered":"<p>Fancy vivid yellow diamond &#8211; fancy z\u00e1\u0159iv\u011b \u017elut\u00fd diamant s p\u0159\u00edrodn\u00ed neupravovanou barvou je jedn\u00edm z \u00fa\u017easn\u011b zbarven\u00fdch jihoafrick\u00fdch diamant\u016f v na\u0161\u00ed nab\u00eddce. P\u0159\u00edrodn\u00ed diamanty zbarven\u00e9 v atraktivn\u00ed &#8220;fancy&#8221; barvy pat\u0159\u00ed mezi nejdra\u017e\u0161\u00ed drah\u00e9 kameny v\u016fbec. Nab\u00edz\u00edme jej s bezkonkuren\u010dn\u00ed cenou, kter\u00e1 z n\u011bj d\u011bl\u00e1 velmi v\u00fdhodnou investici. Tento z\u00e1\u0159iv\u011b \u017elut\u00fd briliant je vhodn\u00fd k<\/p>\n","protected":false},"featured_media":12649,"template":"","meta":{"_acf_changed":false,"_uag_custom_page_level_css":""},"product_brand":[],"product_cat":[50,63],"product_tag":[278,119],"class_list":{"0":"post-12648","1":"product","2":"type-product","3":"status-publish","4":"has-post-thumbnail","6":"product_cat-brousene-kameny","7":"product_cat-investicni-kameny","8":"product_tag-briliant","9":"product_tag-diamant","11":"first","12":"instock","13":"sold-individually","14":"taxable","15":"shipping-taxable","16":"purchasable","17":"product-type-simple"},"acf":[],"uagb_featured_image_src":{"full":["https:\/\/4c.top-me.eu\/wp-content\/uploads\/2022\/11\/Stack001a-1.jpg",0,0,false],"thumbnail":["https:\/\/4c.top-me.eu\/wp-content\/uploads\/2022\/11\/Stack001a-1.jpg",1,1,false],"medium":["https:\/\/4c.top-me.eu\/wp-content\/uploads\/2022\/11\/Stack001a-1.jpg",1,1,false],"medium_large":["https:\/\/4c.top-me.eu\/wp-content\/uploads\/2022\/11\/Stack001a-1.jpg",1,1,false],"large":["https:\/\/4c.top-me.eu\/wp-content\/uploads\/2022\/11\/Stack001a-1.jpg",1,1,false],"1536x1536":["https:\/\/4c.top-me.eu\/wp-content\/uploads\/2022\/11\/Stack001a-1.jpg",1,1,false],"2048x2048":["https:\/\/4c.top-me.eu\/wp-content\/uploads\/2022\/11\/Stack001a-1.jpg",1,1,false],"archive-list":["https:\/\/4c.top-me.eu\/wp-content\/uploads\/2022\/11\/Stack001a-1.jpg",1,1,false],"archive-list-2":["https:\/\/4c.top-me.eu\/wp-content\/uploads\/2022\/11\/Stack001a-1.jpg",1,1,false],"woocommerce_thumbnail":["https:\/\/4c.top-me.eu\/wp-content\/uploads\/2022\/11\/Stack001a-1.jpg",1,1,false],"woocommerce_single":["https:\/\/4c.top-me.eu\/wp-content\/uploads\/2022\/11\/Stack001a-1.jpg",1,1,false],"woocommerce_gallery_thumbnail":["https:\/\/4c.top-me.eu\/wp-content\/uploads\/2022\/11\/Stack001a-1.jpg",1,1,false]},"uagb_author_info":{"display_name":"accordeonMaster","author_link":"https:\/\/4c.top-me.eu\/en\/author\/"},"uagb_comment_info":0,"uagb_excerpt":"Fancy vivid yellow diamond &#8211; fancy z\u00e1\u0159iv\u011b \u017elut\u00fd diamant s p\u0159\u00edrodn\u00ed neupravovanou barvou je jedn\u00edm z \u00fa\u017easn\u011b zbarven\u00fdch jihoafrick\u00fdch diamant\u016f v na\u0161\u00ed nab\u00eddce. P\u0159\u00edrodn\u00ed diamanty zbarven\u00e9 v atraktivn\u00ed &#8220;fancy&#8221; barvy pat\u0159\u00ed mezi nejdra\u017e\u0161\u00ed drah\u00e9 kameny v\u016fbec. Nab\u00edz\u00edme jej s bezkonkuren\u010dn\u00ed cenou, kter\u00e1 z n\u011bj d\u011bl\u00e1 velmi v\u00fdhodnou investici. Tento z\u00e1\u0159iv\u011b \u017elut\u00fd briliant je vhodn\u00fd k","_links":{"self":[{"href":"https:\/\/4c.top-me.eu\/en\/wp-json\/wp\/v2\/product\/12648","targetHints":{"allow":["GET"]}}],"collection":[{"href":"https:\/\/4c.top-me.eu\/en\/wp-json\/wp\/v2\/product"}],"about":[{"href":"https:\/\/4c.top-me.eu\/en\/wp-json\/wp\/v2\/types\/product"}],"wp:featuredmedia":[{"embeddable":true,"href":"https:\/\/4c.top-me.eu\/en\/wp-json\/wp\/v2\/media\/12649"}],"wp:attachment":[{"href":"https:\/\/4c.top-me.eu\/en\/wp-json\/wp\/v2\/media?parent=12648"}],"wp:term":[{"taxonomy":"product_brand","embeddable":true,"href":"https:\/\/4c.top-me.eu\/en\/wp-json\/wp\/v2\/product_brand?post=12648"},{"taxonomy":"product_cat","embeddable":true,"href":"https:\/\/4c.top-me.eu\/en\/wp-json\/wp\/v2\/product_cat?post=12648"},{"taxonomy":"product_tag","embeddable":true,"href":"https:\/\/4c.top-me.eu\/en\/wp-json\/wp\/v2\/product_tag?post=12648"}],"curies":[{"name":"wp","href":"https:\/\/api.w.org\/{rel}","templated":true}]}}