{"id":12596,"date":"2022-11-16T16:36:11","date_gmt":"2022-11-16T16:36:11","guid":{"rendered":"https:\/\/fvgear.com\/?post_type=product&#038;p=12596"},"modified":"2022-12-16T12:19:44","modified_gmt":"2022-12-16T12:19:44","slug":"nausnice-labradorit","status":"publish","type":"product","link":"https:\/\/4c.top-me.eu\/en\/product\/nausnice-labradorit\/","title":{"rendered":"N\u00e1u\u0161nice labradorit"},"content":{"rendered":"<p>N\u00e1dhern\u00e9 elegantn\u00ed n\u00e1u\u0161nice z brou\u0161en\u00e9ho labradoritu. V horn\u00ed \u010d\u00e1sti je n\u00e1u\u0161nice tvo\u0159ena drobn\u00fdmi brou\u0161en\u00fdmi kor\u00e1lky labradoritu a v doln\u00ed \u010d\u00e1sti je zakon\u010dena v\u011bt\u0161\u00edm brou\u0161en\u00fdm kor\u00e1lkem labradoritu s p\u0159ekr\u00e1sn\u00fdmi odlesky. K n\u00e1u\u0161nic\u00edm je mo\u017en\u00e9 zakoupit i <a href=\"https:\/\/4c.top-me.eu\/produkt\/nahrdelnik-labradorit\/\">n\u00e1hrdeln\u00edk ve stejn\u00e9m stylu.<\/a><\/p>\n<p>N\u00e1u\u0161nice maj\u00ed klasick\u00e9 zap\u00edn\u00e1n\u00ed na st\u0159\u00edbrnou karabinku, st\u0159\u00edbro Ag 925\/1000. D\u00e9lka zap\u00edn\u00e1n\u00ed je 1,6 cm. Pr\u016fm\u011br nejdrobn\u011bj\u0161\u00edch kor\u00e1lk\u016f je 1,5 mm. Pr\u016fm\u011br nejv\u011bt\u0161\u00edch kor\u00e1lk\u016f je cca 10 mm. Celkov\u00e1 d\u00e9lka n\u00e1u\u0161nic je 4,3 cm. Celkov\u00e1 v\u00e1ha n\u00e1u\u0161nic je 3 g.<\/p>\n","protected":false},"excerpt":{"rendered":"<p>N\u00e1dhern\u00e9 elegantn\u00ed n\u00e1u\u0161nice z brou\u0161en\u00e9ho labradoritu. V horn\u00ed \u010d\u00e1sti je n\u00e1u\u0161nice tvo\u0159ena drobn\u00fdmi brou\u0161en\u00fdmi kor\u00e1lky labradoritu a v doln\u00ed \u010d\u00e1sti je zakon\u010dena v\u011bt\u0161\u00edm brou\u0161en\u00fdm kor\u00e1lkem labradoritu s p\u0159ekr\u00e1sn\u00fdmi odlesky. K n\u00e1u\u0161nic\u00edm je mo\u017en\u00e9 zakoupit i n\u00e1hrdeln\u00edk ve stejn\u00e9m stylu. N\u00e1u\u0161nice maj\u00ed klasick\u00e9 zap\u00edn\u00e1n\u00ed na st\u0159\u00edbrnou karabinku, st\u0159\u00edbro Ag 925\/1000. D\u00e9lka zap\u00edn\u00e1n\u00ed je 1,6 cm. Pr\u016fm\u011br<\/p>\n","protected":false},"featured_media":12626,"template":"","meta":{"_acf_changed":false,"_uag_custom_page_level_css":""},"product_brand":[],"product_cat":[56],"product_tag":[176,118,87],"class_list":{"0":"post-12596","1":"product","2":"type-product","3":"status-publish","4":"has-post-thumbnail","6":"product_cat-privesky-a-nausnice-stribro-925-1000","7":"product_tag-labrodorit","8":"product_tag-nausnice","9":"product_tag-stribro-925-1000","11":"first","12":"outofstock","13":"sold-individually","14":"taxable","15":"shipping-taxable","16":"purchasable","17":"product-type-simple"},"acf":[],"uagb_featured_image_src":{"full":["https:\/\/4c.top-me.eu\/wp-content\/uploads\/2022\/11\/IMG_3452-scaled.jpg",0,0,false],"thumbnail":["https:\/\/4c.top-me.eu\/wp-content\/uploads\/2022\/11\/IMG_3452-scaled.jpg",1,1,false],"medium":["https:\/\/4c.top-me.eu\/wp-content\/uploads\/2022\/11\/IMG_3452-scaled.jpg",1,1,false],"medium_large":["https:\/\/4c.top-me.eu\/wp-content\/uploads\/2022\/11\/IMG_3452-scaled.jpg",1,1,false],"large":["https:\/\/4c.top-me.eu\/wp-content\/uploads\/2022\/11\/IMG_3452-scaled.jpg",1,1,false],"1536x1536":["https:\/\/4c.top-me.eu\/wp-content\/uploads\/2022\/11\/IMG_3452-scaled.jpg",1,1,false],"2048x2048":["https:\/\/4c.top-me.eu\/wp-content\/uploads\/2022\/11\/IMG_3452-scaled.jpg",1,1,false],"archive-list":["https:\/\/4c.top-me.eu\/wp-content\/uploads\/2022\/11\/IMG_3452-scaled.jpg",1,1,false],"archive-list-2":["https:\/\/4c.top-me.eu\/wp-content\/uploads\/2022\/11\/IMG_3452-scaled.jpg",1,1,false],"woocommerce_thumbnail":["https:\/\/4c.top-me.eu\/wp-content\/uploads\/2022\/11\/IMG_3452-scaled.jpg",1,1,false],"woocommerce_single":["https:\/\/4c.top-me.eu\/wp-content\/uploads\/2022\/11\/IMG_3452-scaled.jpg",1,1,false],"woocommerce_gallery_thumbnail":["https:\/\/4c.top-me.eu\/wp-content\/uploads\/2022\/11\/IMG_3452-scaled.jpg",1,1,false]},"uagb_author_info":{"display_name":"accordeonMaster","author_link":"https:\/\/4c.top-me.eu\/en\/author\/"},"uagb_comment_info":0,"uagb_excerpt":"N\u00e1dhern\u00e9 elegantn\u00ed n\u00e1u\u0161nice z brou\u0161en\u00e9ho labradoritu. V horn\u00ed \u010d\u00e1sti je n\u00e1u\u0161nice tvo\u0159ena drobn\u00fdmi brou\u0161en\u00fdmi kor\u00e1lky labradoritu a v doln\u00ed \u010d\u00e1sti je zakon\u010dena v\u011bt\u0161\u00edm brou\u0161en\u00fdm kor\u00e1lkem labradoritu s p\u0159ekr\u00e1sn\u00fdmi odlesky. K n\u00e1u\u0161nic\u00edm je mo\u017en\u00e9 zakoupit i n\u00e1hrdeln\u00edk ve stejn\u00e9m stylu. N\u00e1u\u0161nice maj\u00ed klasick\u00e9 zap\u00edn\u00e1n\u00ed na st\u0159\u00edbrnou karabinku, st\u0159\u00edbro Ag 925\/1000. D\u00e9lka zap\u00edn\u00e1n\u00ed je 1,6 cm. Pr\u016fm\u011br","_links":{"self":[{"href":"https:\/\/4c.top-me.eu\/en\/wp-json\/wp\/v2\/product\/12596","targetHints":{"allow":["GET"]}}],"collection":[{"href":"https:\/\/4c.top-me.eu\/en\/wp-json\/wp\/v2\/product"}],"about":[{"href":"https:\/\/4c.top-me.eu\/en\/wp-json\/wp\/v2\/types\/product"}],"wp:featuredmedia":[{"embeddable":true,"href":"https:\/\/4c.top-me.eu\/en\/wp-json\/wp\/v2\/media\/12626"}],"wp:attachment":[{"href":"https:\/\/4c.top-me.eu\/en\/wp-json\/wp\/v2\/media?parent=12596"}],"wp:term":[{"taxonomy":"product_brand","embeddable":true,"href":"https:\/\/4c.top-me.eu\/en\/wp-json\/wp\/v2\/product_brand?post=12596"},{"taxonomy":"product_cat","embeddable":true,"href":"https:\/\/4c.top-me.eu\/en\/wp-json\/wp\/v2\/product_cat?post=12596"},{"taxonomy":"product_tag","embeddable":true,"href":"https:\/\/4c.top-me.eu\/en\/wp-json\/wp\/v2\/product_tag?post=12596"}],"curies":[{"name":"wp","href":"https:\/\/api.w.org\/{rel}","templated":true}]}}