{"id":12537,"date":"2022-11-16T16:29:10","date_gmt":"2022-11-16T16:29:10","guid":{"rendered":"https:\/\/fvgear.com\/?post_type=product&#038;p=12537"},"modified":"2022-11-17T19:14:46","modified_gmt":"2022-11-17T19:14:46","slug":"nahrdelnik-labradorit","status":"publish","type":"product","link":"https:\/\/4c.top-me.eu\/en\/product\/nahrdelnik-labradorit\/","title":{"rendered":"N\u00e1hrdeln\u00edk labradorit"},"content":{"rendered":"<div class=\"et_pb_column et_pb_column_3_8 et_pb_column_inner et_pb_column_inner_4_tb_body et-last-child\">\n<div class=\"et_pb_module et_pb_wc_description et_pb_wc_description_1_tb_body et_pb_bg_layout_light et_pb_text_align_left\">\n<div class=\"et_pb_module_inner\">\n<div class=\"et_pb_column et_pb_column_3_8 et_pb_column_inner et_pb_column_inner_4_tb_body et-last-child\">\n<div class=\"et_pb_module et_pb_wc_description et_pb_wc_description_1_tb_body et_pb_bg_layout_light et_pb_text_align_left\">\n<div class=\"et_pb_module_inner\">\n<p>Zcela unik\u00e1tn\u00ed a n\u00e1dhern\u00fd n\u00e1hrdeln\u00edk z brou\u0161en\u00fdch kor\u00e1lk\u016f p\u0159ekr\u00e1sn\u00e9ho labradoritu. V\u011bt\u0161\u00ed kor\u00e1lky labradoritu jsou prokl\u00e1dan\u00e9 kor\u00e1lky drobn\u011bj\u0161\u00edmi. V\u011bt\u0161\u00ed kor\u00e1lky jsou m\u00edrn\u011b odstup\u0148ov\u00e1ny od t\u011bch nejdrobn\u011bj\u0161\u00edch na kraj\u00edch n\u00e1hrdeln\u00edku a\u017e k t\u011bm nejv\u011bt\u0161\u00edm uprost\u0159ed p\u0159edn\u00ed \u010d\u00e1sti n\u00e1hrdeln\u00edku. N\u00e1hrdeln\u00edk je navle\u010den na pr\u016fhledn\u00e9m vlasci. K n\u00e1hrdeln\u00edku je mo\u017en\u00e9 zakoupit i <a href=\"https:\/\/4c.top-me.eu\/produkt\/nausnice-labradorit\/\">n\u00e1u\u0161nice ve stejn\u00e9m stylu.<\/a><\/p>\n<p>Pr\u016fm\u011br v\u011bt\u0161\u00edch kor\u00e1lk\u016f labradoritu je 9 a\u017e 12 mm, pr\u016fm\u011br drobn\u00fdch kor\u00e1lk\u016f je 1,5 mm. N\u00e1hrdeln\u00edk m\u00e1 st\u0159\u00edbrn\u00e9 zap\u00edn\u00e1n\u00ed na klasickou karabinku, st\u0159\u00edbro Ag 925\/1000, d\u00e9lka zap\u00edn\u00e1n\u00ed je 2,2 cm. Celkov\u00e1 d\u00e9lka n\u00e1hrdeln\u00edku je 48,5 cm. Celkov\u00e1 hmotnost je 57,6 g.<\/p>\n<\/div>\n<\/div>\n<\/div>\n<\/div>\n<\/div>\n<\/div>\n","protected":false},"excerpt":{"rendered":"<p>Zcela unik\u00e1tn\u00ed a n\u00e1dhern\u00fd n\u00e1hrdeln\u00edk z brou\u0161en\u00fdch kor\u00e1lk\u016f p\u0159ekr\u00e1sn\u00e9ho labradoritu. V\u011bt\u0161\u00ed kor\u00e1lky labradoritu jsou prokl\u00e1dan\u00e9 kor\u00e1lky drobn\u011bj\u0161\u00edmi. V\u011bt\u0161\u00ed kor\u00e1lky jsou m\u00edrn\u011b odstup\u0148ov\u00e1ny od t\u011bch nejdrobn\u011bj\u0161\u00edch na kraj\u00edch n\u00e1hrdeln\u00edku a\u017e k t\u011bm nejv\u011bt\u0161\u00edm uprost\u0159ed p\u0159edn\u00ed \u010d\u00e1sti n\u00e1hrdeln\u00edku. N\u00e1hrdeln\u00edk je navle\u010den na pr\u016fhledn\u00e9m vlasci. K n\u00e1hrdeln\u00edku je mo\u017en\u00e9 zakoupit i n\u00e1u\u0161nice ve stejn\u00e9m stylu. Pr\u016fm\u011br v\u011bt\u0161\u00edch kor\u00e1lk\u016f<\/p>\n","protected":false},"featured_media":12594,"template":"","meta":{"_acf_changed":false,"_uag_custom_page_level_css":""},"product_brand":[],"product_cat":[31],"product_tag":[176,33,87],"class_list":{"0":"post-12537","1":"product","2":"type-product","3":"status-publish","4":"has-post-thumbnail","6":"product_cat-nahrdelniky-s-prirodnimi-kameny-stribro-925-1000","7":"product_tag-labrodorit","8":"product_tag-nahrdelnik","9":"product_tag-stribro-925-1000","11":"first","12":"instock","13":"sold-individually","14":"taxable","15":"shipping-taxable","16":"purchasable","17":"product-type-simple"},"acf":[],"uagb_featured_image_src":{"full":["https:\/\/4c.top-me.eu\/wp-content\/uploads\/2022\/11\/IMG_3437-scaled.jpg",0,0,false],"thumbnail":["https:\/\/4c.top-me.eu\/wp-content\/uploads\/2022\/11\/IMG_3437-scaled.jpg",1,1,false],"medium":["https:\/\/4c.top-me.eu\/wp-content\/uploads\/2022\/11\/IMG_3437-scaled.jpg",1,1,false],"medium_large":["https:\/\/4c.top-me.eu\/wp-content\/uploads\/2022\/11\/IMG_3437-scaled.jpg",1,1,false],"large":["https:\/\/4c.top-me.eu\/wp-content\/uploads\/2022\/11\/IMG_3437-scaled.jpg",1,1,false],"1536x1536":["https:\/\/4c.top-me.eu\/wp-content\/uploads\/2022\/11\/IMG_3437-scaled.jpg",1,1,false],"2048x2048":["https:\/\/4c.top-me.eu\/wp-content\/uploads\/2022\/11\/IMG_3437-scaled.jpg",1,1,false],"archive-list":["https:\/\/4c.top-me.eu\/wp-content\/uploads\/2022\/11\/IMG_3437-scaled.jpg",1,1,false],"archive-list-2":["https:\/\/4c.top-me.eu\/wp-content\/uploads\/2022\/11\/IMG_3437-scaled.jpg",1,1,false],"woocommerce_thumbnail":["https:\/\/4c.top-me.eu\/wp-content\/uploads\/2022\/11\/IMG_3437-scaled.jpg",1,1,false],"woocommerce_single":["https:\/\/4c.top-me.eu\/wp-content\/uploads\/2022\/11\/IMG_3437-scaled.jpg",1,1,false],"woocommerce_gallery_thumbnail":["https:\/\/4c.top-me.eu\/wp-content\/uploads\/2022\/11\/IMG_3437-scaled.jpg",1,1,false]},"uagb_author_info":{"display_name":"accordeonMaster","author_link":"https:\/\/4c.top-me.eu\/en\/author\/"},"uagb_comment_info":0,"uagb_excerpt":"Zcela unik\u00e1tn\u00ed a n\u00e1dhern\u00fd n\u00e1hrdeln\u00edk z brou\u0161en\u00fdch kor\u00e1lk\u016f p\u0159ekr\u00e1sn\u00e9ho labradoritu. V\u011bt\u0161\u00ed kor\u00e1lky labradoritu jsou prokl\u00e1dan\u00e9 kor\u00e1lky drobn\u011bj\u0161\u00edmi. V\u011bt\u0161\u00ed kor\u00e1lky jsou m\u00edrn\u011b odstup\u0148ov\u00e1ny od t\u011bch nejdrobn\u011bj\u0161\u00edch na kraj\u00edch n\u00e1hrdeln\u00edku a\u017e k t\u011bm nejv\u011bt\u0161\u00edm uprost\u0159ed p\u0159edn\u00ed \u010d\u00e1sti n\u00e1hrdeln\u00edku. N\u00e1hrdeln\u00edk je navle\u010den na pr\u016fhledn\u00e9m vlasci. K n\u00e1hrdeln\u00edku je mo\u017en\u00e9 zakoupit i n\u00e1u\u0161nice ve stejn\u00e9m stylu. Pr\u016fm\u011br v\u011bt\u0161\u00edch kor\u00e1lk\u016f","_links":{"self":[{"href":"https:\/\/4c.top-me.eu\/en\/wp-json\/wp\/v2\/product\/12537","targetHints":{"allow":["GET"]}}],"collection":[{"href":"https:\/\/4c.top-me.eu\/en\/wp-json\/wp\/v2\/product"}],"about":[{"href":"https:\/\/4c.top-me.eu\/en\/wp-json\/wp\/v2\/types\/product"}],"wp:featuredmedia":[{"embeddable":true,"href":"https:\/\/4c.top-me.eu\/en\/wp-json\/wp\/v2\/media\/12594"}],"wp:attachment":[{"href":"https:\/\/4c.top-me.eu\/en\/wp-json\/wp\/v2\/media?parent=12537"}],"wp:term":[{"taxonomy":"product_brand","embeddable":true,"href":"https:\/\/4c.top-me.eu\/en\/wp-json\/wp\/v2\/product_brand?post=12537"},{"taxonomy":"product_cat","embeddable":true,"href":"https:\/\/4c.top-me.eu\/en\/wp-json\/wp\/v2\/product_cat?post=12537"},{"taxonomy":"product_tag","embeddable":true,"href":"https:\/\/4c.top-me.eu\/en\/wp-json\/wp\/v2\/product_tag?post=12537"}],"curies":[{"name":"wp","href":"https:\/\/api.w.org\/{rel}","templated":true}]}}