{"id":12280,"date":"2022-11-16T14:52:48","date_gmt":"2022-11-16T14:52:48","guid":{"rendered":"https:\/\/fvgear.com\/?post_type=product&#038;p=12280"},"modified":"2022-11-16T14:54:14","modified_gmt":"2022-11-16T14:54:14","slug":"achat-5","status":"publish","type":"product","link":"https:\/\/4c.top-me.eu\/en\/product\/achat-5\/","title":{"rendered":"Ach\u00e1t"},"content":{"rendered":"<p>N\u00e1dhern\u00fd pl\u00e1tek ach\u00e1tu, vhodn\u00fd k dekoraci interi\u00e9ru. Ach\u00e1t m\u011b\u0159\u00ed se stoj\u00e1nkem na v\u00fd\u0161ku 23 cm a bez stoj\u00e1nku 17 cm. Na \u0161\u00ed\u0159ku m\u011b\u0159\u00ed 14,5 cm. Pl\u00e1tek je siln\u00fd 2,5 cm. Cel\u00e1 dekorace v\u00e1\u017e\u00ed 1495 g.<\/p>\n<p>K\u00e1men je nasazen\u00fd na kovov\u00e9m stoj\u00e1nku, kter\u00fd je zahrnut v cen\u011b. Ach\u00e1t nelze ze stoj\u00e1nku odebrat.<\/p>\n","protected":false},"excerpt":{"rendered":"<p>N\u00e1dhern\u00fd pl\u00e1tek ach\u00e1tu, vhodn\u00fd k dekoraci interi\u00e9ru. Ach\u00e1t m\u011b\u0159\u00ed se stoj\u00e1nkem na v\u00fd\u0161ku 23 cm a bez stoj\u00e1nku 17 cm. Na \u0161\u00ed\u0159ku m\u011b\u0159\u00ed 14,5 cm. Pl\u00e1tek je siln\u00fd 2,5 cm. Cel\u00e1 dekorace v\u00e1\u017e\u00ed 1495 g. K\u00e1men je nasazen\u00fd na kovov\u00e9m stoj\u00e1nku, kter\u00fd je zahrnut v cen\u011b. Ach\u00e1t nelze ze stoj\u00e1nku odebrat.<\/p>\n","protected":false},"featured_media":12494,"template":"","meta":{"_acf_changed":false,"_uag_custom_page_level_css":""},"product_brand":[],"product_cat":[29],"product_tag":[128,263],"class_list":{"0":"post-12280","1":"product","2":"type-product","3":"status-publish","4":"has-post-thumbnail","6":"product_cat-dekorativni-kameny","7":"product_tag-achat","8":"product_tag-dekorativni-kameny","10":"first","11":"instock","12":"sold-individually","13":"taxable","14":"shipping-taxable","15":"purchasable","16":"product-type-simple"},"acf":[],"uagb_featured_image_src":{"full":["https:\/\/4c.top-me.eu\/wp-content\/uploads\/2022\/11\/IMG_2907-scaled.jpg",0,0,false],"thumbnail":["https:\/\/4c.top-me.eu\/wp-content\/uploads\/2022\/11\/IMG_2907-scaled.jpg",1,1,false],"medium":["https:\/\/4c.top-me.eu\/wp-content\/uploads\/2022\/11\/IMG_2907-scaled.jpg",1,1,false],"medium_large":["https:\/\/4c.top-me.eu\/wp-content\/uploads\/2022\/11\/IMG_2907-scaled.jpg",1,1,false],"large":["https:\/\/4c.top-me.eu\/wp-content\/uploads\/2022\/11\/IMG_2907-scaled.jpg",1,1,false],"1536x1536":["https:\/\/4c.top-me.eu\/wp-content\/uploads\/2022\/11\/IMG_2907-scaled.jpg",1,1,false],"2048x2048":["https:\/\/4c.top-me.eu\/wp-content\/uploads\/2022\/11\/IMG_2907-scaled.jpg",1,1,false],"archive-list":["https:\/\/4c.top-me.eu\/wp-content\/uploads\/2022\/11\/IMG_2907-scaled.jpg",1,1,false],"archive-list-2":["https:\/\/4c.top-me.eu\/wp-content\/uploads\/2022\/11\/IMG_2907-scaled.jpg",1,1,false],"woocommerce_thumbnail":["https:\/\/4c.top-me.eu\/wp-content\/uploads\/2022\/11\/IMG_2907-scaled.jpg",1,1,false],"woocommerce_single":["https:\/\/4c.top-me.eu\/wp-content\/uploads\/2022\/11\/IMG_2907-scaled.jpg",1,1,false],"woocommerce_gallery_thumbnail":["https:\/\/4c.top-me.eu\/wp-content\/uploads\/2022\/11\/IMG_2907-scaled.jpg",1,1,false]},"uagb_author_info":{"display_name":"accordeonMaster","author_link":"https:\/\/4c.top-me.eu\/en\/author\/"},"uagb_comment_info":0,"uagb_excerpt":"N\u00e1dhern\u00fd pl\u00e1tek ach\u00e1tu, vhodn\u00fd k dekoraci interi\u00e9ru. Ach\u00e1t m\u011b\u0159\u00ed se stoj\u00e1nkem na v\u00fd\u0161ku 23 cm a bez stoj\u00e1nku 17 cm. Na \u0161\u00ed\u0159ku m\u011b\u0159\u00ed 14,5 cm. Pl\u00e1tek je siln\u00fd 2,5 cm. Cel\u00e1 dekorace v\u00e1\u017e\u00ed 1495 g. K\u00e1men je nasazen\u00fd na kovov\u00e9m stoj\u00e1nku, kter\u00fd je zahrnut v cen\u011b. Ach\u00e1t nelze ze stoj\u00e1nku odebrat.","_links":{"self":[{"href":"https:\/\/4c.top-me.eu\/en\/wp-json\/wp\/v2\/product\/12280","targetHints":{"allow":["GET"]}}],"collection":[{"href":"https:\/\/4c.top-me.eu\/en\/wp-json\/wp\/v2\/product"}],"about":[{"href":"https:\/\/4c.top-me.eu\/en\/wp-json\/wp\/v2\/types\/product"}],"wp:featuredmedia":[{"embeddable":true,"href":"https:\/\/4c.top-me.eu\/en\/wp-json\/wp\/v2\/media\/12494"}],"wp:attachment":[{"href":"https:\/\/4c.top-me.eu\/en\/wp-json\/wp\/v2\/media?parent=12280"}],"wp:term":[{"taxonomy":"product_brand","embeddable":true,"href":"https:\/\/4c.top-me.eu\/en\/wp-json\/wp\/v2\/product_brand?post=12280"},{"taxonomy":"product_cat","embeddable":true,"href":"https:\/\/4c.top-me.eu\/en\/wp-json\/wp\/v2\/product_cat?post=12280"},{"taxonomy":"product_tag","embeddable":true,"href":"https:\/\/4c.top-me.eu\/en\/wp-json\/wp\/v2\/product_tag?post=12280"}],"curies":[{"name":"wp","href":"https:\/\/api.w.org\/{rel}","templated":true}]}}