{"id":12275,"date":"2022-11-16T15:06:38","date_gmt":"2022-11-16T15:06:38","guid":{"rendered":"https:\/\/fvgear.com\/?post_type=product&#038;p=12275"},"modified":"2024-03-04T12:21:52","modified_gmt":"2024-03-04T12:21:52","slug":"ruzeninova-soska","status":"publish","type":"product","link":"https:\/\/4c.top-me.eu\/en\/product\/ruzeninova-soska\/","title":{"rendered":"R\u016f\u017een\u00ednov\u00e1 so\u0161ka"},"content":{"rendered":"<p>Kr\u00e1sn\u00e1 r\u016f\u017een\u00ednov\u00e1 so\u0161ka vhodn\u00e1 k dekoraci interi\u00e9ru. So\u0161ka m\u011b\u0159\u00ed na v\u00fd\u0161ku 15 cm a na \u0161\u00ed\u0159ku 8 cm. So\u0161ka v\u00e1\u017e\u00ed 1009 g.<\/p>\n","protected":false},"excerpt":{"rendered":"<p>Kr\u00e1sn\u00e1 r\u016f\u017een\u00ednov\u00e1 so\u0161ka vhodn\u00e1 k dekoraci interi\u00e9ru. So\u0161ka m\u011b\u0159\u00ed na v\u00fd\u0161ku 15 cm a na \u0161\u00ed\u0159ku 8 cm. So\u0161ka v\u00e1\u017e\u00ed 1009 g.<\/p>\n","protected":false},"featured_media":12553,"template":"","meta":{"_acf_changed":false,"_uag_custom_page_level_css":""},"product_brand":[],"product_cat":[29],"product_tag":[263,39],"class_list":{"0":"post-12275","1":"product","2":"type-product","3":"status-publish","4":"has-post-thumbnail","6":"product_cat-dekorativni-kameny","7":"product_tag-dekorativni-kameny","8":"product_tag-ruzenin","10":"first","11":"instock","12":"sold-individually","13":"taxable","14":"shipping-taxable","15":"purchasable","16":"product-type-simple"},"acf":[],"uagb_featured_image_src":{"full":["https:\/\/4c.top-me.eu\/wp-content\/uploads\/2022\/11\/IMG_2837-1-scaled.jpg",0,0,false],"thumbnail":["https:\/\/4c.top-me.eu\/wp-content\/uploads\/2022\/11\/IMG_2837-1-scaled.jpg",1,1,false],"medium":["https:\/\/4c.top-me.eu\/wp-content\/uploads\/2022\/11\/IMG_2837-1-scaled.jpg",1,1,false],"medium_large":["https:\/\/4c.top-me.eu\/wp-content\/uploads\/2022\/11\/IMG_2837-1-scaled.jpg",1,1,false],"large":["https:\/\/4c.top-me.eu\/wp-content\/uploads\/2022\/11\/IMG_2837-1-scaled.jpg",1,1,false],"1536x1536":["https:\/\/4c.top-me.eu\/wp-content\/uploads\/2022\/11\/IMG_2837-1-scaled.jpg",1,1,false],"2048x2048":["https:\/\/4c.top-me.eu\/wp-content\/uploads\/2022\/11\/IMG_2837-1-scaled.jpg",1,1,false],"archive-list":["https:\/\/4c.top-me.eu\/wp-content\/uploads\/2022\/11\/IMG_2837-1-scaled.jpg",1,1,false],"archive-list-2":["https:\/\/4c.top-me.eu\/wp-content\/uploads\/2022\/11\/IMG_2837-1-scaled.jpg",1,1,false],"woocommerce_thumbnail":["https:\/\/4c.top-me.eu\/wp-content\/uploads\/2022\/11\/IMG_2837-1-scaled.jpg",1,1,false],"woocommerce_single":["https:\/\/4c.top-me.eu\/wp-content\/uploads\/2022\/11\/IMG_2837-1-scaled.jpg",1,1,false],"woocommerce_gallery_thumbnail":["https:\/\/4c.top-me.eu\/wp-content\/uploads\/2022\/11\/IMG_2837-1-scaled.jpg",1,1,false]},"uagb_author_info":{"display_name":"accordeonMaster","author_link":"https:\/\/4c.top-me.eu\/en\/author\/"},"uagb_comment_info":0,"uagb_excerpt":"Kr\u00e1sn\u00e1 r\u016f\u017een\u00ednov\u00e1 so\u0161ka vhodn\u00e1 k dekoraci interi\u00e9ru. So\u0161ka m\u011b\u0159\u00ed na v\u00fd\u0161ku 15 cm a na \u0161\u00ed\u0159ku 8 cm. So\u0161ka v\u00e1\u017e\u00ed 1009 g.","_links":{"self":[{"href":"https:\/\/4c.top-me.eu\/en\/wp-json\/wp\/v2\/product\/12275","targetHints":{"allow":["GET"]}}],"collection":[{"href":"https:\/\/4c.top-me.eu\/en\/wp-json\/wp\/v2\/product"}],"about":[{"href":"https:\/\/4c.top-me.eu\/en\/wp-json\/wp\/v2\/types\/product"}],"wp:featuredmedia":[{"embeddable":true,"href":"https:\/\/4c.top-me.eu\/en\/wp-json\/wp\/v2\/media\/12553"}],"wp:attachment":[{"href":"https:\/\/4c.top-me.eu\/en\/wp-json\/wp\/v2\/media?parent=12275"}],"wp:term":[{"taxonomy":"product_brand","embeddable":true,"href":"https:\/\/4c.top-me.eu\/en\/wp-json\/wp\/v2\/product_brand?post=12275"},{"taxonomy":"product_cat","embeddable":true,"href":"https:\/\/4c.top-me.eu\/en\/wp-json\/wp\/v2\/product_cat?post=12275"},{"taxonomy":"product_tag","embeddable":true,"href":"https:\/\/4c.top-me.eu\/en\/wp-json\/wp\/v2\/product_tag?post=12275"}],"curies":[{"name":"wp","href":"https:\/\/api.w.org\/{rel}","templated":true}]}}