{"id":11991,"date":"2022-10-31T13:18:09","date_gmt":"2022-10-31T13:18:09","guid":{"rendered":"https:\/\/fvgear.com\/?post_type=product&#038;p=11991"},"modified":"2022-10-31T13:18:09","modified_gmt":"2022-10-31T13:18:09","slug":"mastkovy-ptacek","status":"publish","type":"product","link":"https:\/\/4c.top-me.eu\/en\/product\/mastkovy-ptacek\/","title":{"rendered":"Mastkov\u00fd pt\u00e1\u010dek"},"content":{"rendered":"<p>P\u0159ekr\u00e1sn\u00e1 so\u0161ka pt\u00e1\u010dka vy\u0159ezan\u00e1 z mastku, o v\u00fd\u0161ce 4 cm, d\u00e9lce 5 cm, \u0161\u00ed\u0159ce 2 cm a v\u00e1ze 37 g.<\/p>\n","protected":false},"excerpt":{"rendered":"<p>P\u0159ekr\u00e1sn\u00e1 so\u0161ka pt\u00e1\u010dka vy\u0159ezan\u00e1 z mastku, o v\u00fd\u0161ce 4 cm, d\u00e9lce 5 cm, \u0161\u00ed\u0159ce 2 cm a v\u00e1ze 37 g.<\/p>\n","protected":false},"featured_media":12006,"template":"","meta":{"_acf_changed":false,"_uag_custom_page_level_css":""},"product_brand":[],"product_cat":[29],"product_tag":[263,264,269,268],"class_list":{"0":"post-11991","1":"product","2":"type-product","3":"status-publish","4":"has-post-thumbnail","6":"product_cat-dekorativni-kameny","7":"product_tag-dekorativni-kameny","8":"product_tag-mastek","9":"product_tag-ptacek","10":"product_tag-ptak","12":"first","13":"instock","14":"sold-individually","15":"taxable","16":"shipping-taxable","17":"purchasable","18":"product-type-simple"},"acf":[],"uagb_featured_image_src":{"full":["https:\/\/4c.top-me.eu\/wp-content\/uploads\/2022\/10\/IMG_0677-scaled.jpg",0,0,false],"thumbnail":["https:\/\/4c.top-me.eu\/wp-content\/uploads\/2022\/10\/IMG_0677-scaled.jpg",1,1,false],"medium":["https:\/\/4c.top-me.eu\/wp-content\/uploads\/2022\/10\/IMG_0677-scaled.jpg",1,1,false],"medium_large":["https:\/\/4c.top-me.eu\/wp-content\/uploads\/2022\/10\/IMG_0677-scaled.jpg",1,1,false],"large":["https:\/\/4c.top-me.eu\/wp-content\/uploads\/2022\/10\/IMG_0677-scaled.jpg",1,1,false],"1536x1536":["https:\/\/4c.top-me.eu\/wp-content\/uploads\/2022\/10\/IMG_0677-scaled.jpg",1,1,false],"2048x2048":["https:\/\/4c.top-me.eu\/wp-content\/uploads\/2022\/10\/IMG_0677-scaled.jpg",1,1,false],"archive-list":["https:\/\/4c.top-me.eu\/wp-content\/uploads\/2022\/10\/IMG_0677-scaled.jpg",1,1,false],"archive-list-2":["https:\/\/4c.top-me.eu\/wp-content\/uploads\/2022\/10\/IMG_0677-scaled.jpg",1,1,false],"woocommerce_thumbnail":["https:\/\/4c.top-me.eu\/wp-content\/uploads\/2022\/10\/IMG_0677-scaled.jpg",1,1,false],"woocommerce_single":["https:\/\/4c.top-me.eu\/wp-content\/uploads\/2022\/10\/IMG_0677-scaled.jpg",1,1,false],"woocommerce_gallery_thumbnail":["https:\/\/4c.top-me.eu\/wp-content\/uploads\/2022\/10\/IMG_0677-scaled.jpg",1,1,false]},"uagb_author_info":{"display_name":"accordeonMaster","author_link":"https:\/\/4c.top-me.eu\/en\/author\/"},"uagb_comment_info":0,"uagb_excerpt":"P\u0159ekr\u00e1sn\u00e1 so\u0161ka pt\u00e1\u010dka vy\u0159ezan\u00e1 z mastku, o v\u00fd\u0161ce 4 cm, d\u00e9lce 5 cm, \u0161\u00ed\u0159ce 2 cm a v\u00e1ze 37 g.","_links":{"self":[{"href":"https:\/\/4c.top-me.eu\/en\/wp-json\/wp\/v2\/product\/11991","targetHints":{"allow":["GET"]}}],"collection":[{"href":"https:\/\/4c.top-me.eu\/en\/wp-json\/wp\/v2\/product"}],"about":[{"href":"https:\/\/4c.top-me.eu\/en\/wp-json\/wp\/v2\/types\/product"}],"wp:featuredmedia":[{"embeddable":true,"href":"https:\/\/4c.top-me.eu\/en\/wp-json\/wp\/v2\/media\/12006"}],"wp:attachment":[{"href":"https:\/\/4c.top-me.eu\/en\/wp-json\/wp\/v2\/media?parent=11991"}],"wp:term":[{"taxonomy":"product_brand","embeddable":true,"href":"https:\/\/4c.top-me.eu\/en\/wp-json\/wp\/v2\/product_brand?post=11991"},{"taxonomy":"product_cat","embeddable":true,"href":"https:\/\/4c.top-me.eu\/en\/wp-json\/wp\/v2\/product_cat?post=11991"},{"taxonomy":"product_tag","embeddable":true,"href":"https:\/\/4c.top-me.eu\/en\/wp-json\/wp\/v2\/product_tag?post=11991"}],"curies":[{"name":"wp","href":"https:\/\/api.w.org\/{rel}","templated":true}]}}