{"id":11335,"date":"2022-10-10T15:25:06","date_gmt":"2022-10-10T15:25:06","guid":{"rendered":"https:\/\/fvgear.com\/?post_type=product&#038;p=11335"},"modified":"2022-10-10T15:28:11","modified_gmt":"2022-10-10T15:28:11","slug":"nahrdelnik-spinel-a-ametyst","status":"publish","type":"product","link":"https:\/\/4c.top-me.eu\/en\/product\/nahrdelnik-spinel-a-ametyst\/","title":{"rendered":"N\u00e1hrdeln\u00edk spinel a ametyst"},"content":{"rendered":"<p>N\u00e1dhern\u00fd elegantn\u00ed n\u00e1hrdeln\u00edk z brou\u0161en\u00fdch kor\u00e1lk\u016f spinelu, s brou\u0161en\u00fdm kor\u00e1lkem ametystu uprost\u0159ed p\u0159edn\u00ed \u010d\u00e1sti. N\u00e1hrdeln\u00edk je navle\u010den na kovov\u00e9m lanku.<\/p>\n<p>Jednotliv\u00e9 kor\u00e1lky spinelu m\u011b\u0159\u00ed okolo 2,3 mm. Kor\u00e1lek ametystu m\u011b\u0159\u00ed 2,7 mm. N\u00e1hrdeln\u00edk m\u00e1 st\u0159\u00edbrn\u00e9 zap\u00edn\u00e1n\u00ed na klasickou karabinku. St\u0159\u00edbro Ag 925\/1000. D\u00e9lka zap\u00edn\u00e1n\u00ed je 2,2 cm. Celkov\u00e1 d\u00e9lka n\u00e1hrdeln\u00edku je 42,3 cm. Celkov\u00e1 hmotnost je 4,9 g.<\/p>\n","protected":false},"excerpt":{"rendered":"<p>N\u00e1dhern\u00fd elegantn\u00ed n\u00e1hrdeln\u00edk z brou\u0161en\u00fdch kor\u00e1lk\u016f spinelu, s brou\u0161en\u00fdm kor\u00e1lkem ametystu uprost\u0159ed p\u0159edn\u00ed \u010d\u00e1sti. N\u00e1hrdeln\u00edk je navle\u010den na kovov\u00e9m lanku. Jednotliv\u00e9 kor\u00e1lky spinelu m\u011b\u0159\u00ed okolo 2,3 mm. Kor\u00e1lek ametystu m\u011b\u0159\u00ed 2,7 mm. N\u00e1hrdeln\u00edk m\u00e1 st\u0159\u00edbrn\u00e9 zap\u00edn\u00e1n\u00ed na klasickou karabinku. St\u0159\u00edbro Ag 925\/1000. D\u00e9lka zap\u00edn\u00e1n\u00ed je 2,2 cm. Celkov\u00e1 d\u00e9lka n\u00e1hrdeln\u00edku je 42,3 cm. Celkov\u00e1 hmotnost<\/p>\n","protected":false},"featured_media":11537,"template":"","meta":{"_acf_changed":false,"_uag_custom_page_level_css":""},"product_brand":[],"product_cat":[31],"product_tag":[42,33,106,87],"class_list":{"0":"post-11335","1":"product","2":"type-product","3":"status-publish","4":"has-post-thumbnail","6":"product_cat-nahrdelniky-s-prirodnimi-kameny-stribro-925-1000","7":"product_tag-ametyst","8":"product_tag-nahrdelnik","9":"product_tag-spinel","10":"product_tag-stribro-925-1000","12":"first","13":"instock","14":"sold-individually","15":"taxable","16":"shipping-taxable","17":"purchasable","18":"product-type-simple"},"acf":[],"uagb_featured_image_src":{"full":["https:\/\/4c.top-me.eu\/wp-content\/uploads\/2022\/10\/IMG_4879-scaled.jpg",0,0,false],"thumbnail":["https:\/\/4c.top-me.eu\/wp-content\/uploads\/2022\/10\/IMG_4879-scaled.jpg",1,1,false],"medium":["https:\/\/4c.top-me.eu\/wp-content\/uploads\/2022\/10\/IMG_4879-scaled.jpg",1,1,false],"medium_large":["https:\/\/4c.top-me.eu\/wp-content\/uploads\/2022\/10\/IMG_4879-scaled.jpg",1,1,false],"large":["https:\/\/4c.top-me.eu\/wp-content\/uploads\/2022\/10\/IMG_4879-scaled.jpg",1,1,false],"1536x1536":["https:\/\/4c.top-me.eu\/wp-content\/uploads\/2022\/10\/IMG_4879-scaled.jpg",1,1,false],"2048x2048":["https:\/\/4c.top-me.eu\/wp-content\/uploads\/2022\/10\/IMG_4879-scaled.jpg",1,1,false],"archive-list":["https:\/\/4c.top-me.eu\/wp-content\/uploads\/2022\/10\/IMG_4879-scaled.jpg",1,1,false],"archive-list-2":["https:\/\/4c.top-me.eu\/wp-content\/uploads\/2022\/10\/IMG_4879-scaled.jpg",1,1,false],"woocommerce_thumbnail":["https:\/\/4c.top-me.eu\/wp-content\/uploads\/2022\/10\/IMG_4879-scaled.jpg",1,1,false],"woocommerce_single":["https:\/\/4c.top-me.eu\/wp-content\/uploads\/2022\/10\/IMG_4879-scaled.jpg",1,1,false],"woocommerce_gallery_thumbnail":["https:\/\/4c.top-me.eu\/wp-content\/uploads\/2022\/10\/IMG_4879-scaled.jpg",1,1,false]},"uagb_author_info":{"display_name":"accordeonMaster","author_link":"https:\/\/4c.top-me.eu\/en\/author\/"},"uagb_comment_info":0,"uagb_excerpt":"N\u00e1dhern\u00fd elegantn\u00ed n\u00e1hrdeln\u00edk z brou\u0161en\u00fdch kor\u00e1lk\u016f spinelu, s brou\u0161en\u00fdm kor\u00e1lkem ametystu uprost\u0159ed p\u0159edn\u00ed \u010d\u00e1sti. N\u00e1hrdeln\u00edk je navle\u010den na kovov\u00e9m lanku. Jednotliv\u00e9 kor\u00e1lky spinelu m\u011b\u0159\u00ed okolo 2,3 mm. Kor\u00e1lek ametystu m\u011b\u0159\u00ed 2,7 mm. N\u00e1hrdeln\u00edk m\u00e1 st\u0159\u00edbrn\u00e9 zap\u00edn\u00e1n\u00ed na klasickou karabinku. St\u0159\u00edbro Ag 925\/1000. D\u00e9lka zap\u00edn\u00e1n\u00ed je 2,2 cm. Celkov\u00e1 d\u00e9lka n\u00e1hrdeln\u00edku je 42,3 cm. Celkov\u00e1 hmotnost","_links":{"self":[{"href":"https:\/\/4c.top-me.eu\/en\/wp-json\/wp\/v2\/product\/11335","targetHints":{"allow":["GET"]}}],"collection":[{"href":"https:\/\/4c.top-me.eu\/en\/wp-json\/wp\/v2\/product"}],"about":[{"href":"https:\/\/4c.top-me.eu\/en\/wp-json\/wp\/v2\/types\/product"}],"wp:featuredmedia":[{"embeddable":true,"href":"https:\/\/4c.top-me.eu\/en\/wp-json\/wp\/v2\/media\/11537"}],"wp:attachment":[{"href":"https:\/\/4c.top-me.eu\/en\/wp-json\/wp\/v2\/media?parent=11335"}],"wp:term":[{"taxonomy":"product_brand","embeddable":true,"href":"https:\/\/4c.top-me.eu\/en\/wp-json\/wp\/v2\/product_brand?post=11335"},{"taxonomy":"product_cat","embeddable":true,"href":"https:\/\/4c.top-me.eu\/en\/wp-json\/wp\/v2\/product_cat?post=11335"},{"taxonomy":"product_tag","embeddable":true,"href":"https:\/\/4c.top-me.eu\/en\/wp-json\/wp\/v2\/product_tag?post=11335"}],"curies":[{"name":"wp","href":"https:\/\/api.w.org\/{rel}","templated":true}]}}