{"id":11332,"date":"2022-10-10T14:58:02","date_gmt":"2022-10-10T14:58:02","guid":{"rendered":"https:\/\/fvgear.com\/?post_type=product&#038;p=11332"},"modified":"2022-10-10T15:13:15","modified_gmt":"2022-10-10T15:13:15","slug":"nahrdelnik-spinel-a-karneol","status":"publish","type":"product","link":"https:\/\/4c.top-me.eu\/en\/product\/nahrdelnik-spinel-a-karneol\/","title":{"rendered":"N\u00e1hrdeln\u00edk spinel a karneol"},"content":{"rendered":"<p>N\u00e1dhern\u00fd elegantn\u00ed n\u00e1hrdeln\u00edk z brou\u0161en\u00fdch kor\u00e1lk\u016f spinelu, prolo\u017een\u00fdch brou\u0161en\u00fdmi kor\u00e1lky karneolu. Uprost\u0159ed p\u0159edn\u00ed \u010d\u00e1sti se nach\u00e1z\u00ed v\u011bt\u0161\u00ed brou\u0161en\u00fd kor\u00e1lek karneolu, obklopen\u00fd \u010dty\u0159mi v\u011bt\u0161\u00edmi kor\u00e1lky spinelu. N\u00e1hrdeln\u00edk je navle\u010den na kovov\u00e9m lanku.<\/p>\n<p>Nejmen\u0161\u00ed kor\u00e1lky spinelu m\u011b\u0159\u00ed 1,9 mm. Nejv\u011bt\u0161\u00ed kor\u00e1lky spinelu m\u011b\u0159\u00ed 3 mm. Nejmen\u0161\u00ed kor\u00e1lky karneolu m\u011b\u0159\u00ed okolo 2,5 mm. Nejv\u011bt\u0161\u00ed kor\u00e1lek karneolu m\u011b\u0159\u00ed 3,1 mm. N\u00e1hrdeln\u00edk m\u00e1 st\u0159\u00edbrn\u00e9 zap\u00edn\u00e1n\u00ed na klasickou karabinku. St\u0159\u00edbro Ag 925\/1000. D\u00e9lka zap\u00edn\u00e1n\u00ed je 3,2 cm. Celkov\u00e1 d\u00e9lka n\u00e1hrdeln\u00edku je 44,7 cm. Celkov\u00e1 hmotnost je 4 g.<\/p>\n","protected":false},"excerpt":{"rendered":"<p>N\u00e1dhern\u00fd elegantn\u00ed n\u00e1hrdeln\u00edk z brou\u0161en\u00fdch kor\u00e1lk\u016f spinelu, prolo\u017een\u00fdch brou\u0161en\u00fdmi kor\u00e1lky karneolu. Uprost\u0159ed p\u0159edn\u00ed \u010d\u00e1sti se nach\u00e1z\u00ed v\u011bt\u0161\u00ed brou\u0161en\u00fd kor\u00e1lek karneolu, obklopen\u00fd \u010dty\u0159mi v\u011bt\u0161\u00edmi kor\u00e1lky spinelu. N\u00e1hrdeln\u00edk je navle\u010den na kovov\u00e9m lanku. Nejmen\u0161\u00ed kor\u00e1lky spinelu m\u011b\u0159\u00ed 1,9 mm. Nejv\u011bt\u0161\u00ed kor\u00e1lky spinelu m\u011b\u0159\u00ed 3 mm. Nejmen\u0161\u00ed kor\u00e1lky karneolu m\u011b\u0159\u00ed okolo 2,5 mm. Nejv\u011bt\u0161\u00ed kor\u00e1lek karneolu m\u011b\u0159\u00ed 3,1<\/p>\n","protected":false},"featured_media":11430,"template":"","meta":{"_acf_changed":false,"_uag_custom_page_level_css":""},"product_brand":[],"product_cat":[31],"product_tag":[43,33,106,87],"class_list":{"0":"post-11332","1":"product","2":"type-product","3":"status-publish","4":"has-post-thumbnail","6":"product_cat-nahrdelniky-s-prirodnimi-kameny-stribro-925-1000","7":"product_tag-karneol","8":"product_tag-nahrdelnik","9":"product_tag-spinel","10":"product_tag-stribro-925-1000","12":"first","13":"instock","14":"sold-individually","15":"taxable","16":"shipping-taxable","17":"purchasable","18":"product-type-simple"},"acf":[],"uagb_featured_image_src":{"full":["https:\/\/4c.top-me.eu\/wp-content\/uploads\/2022\/10\/IMG_4860-scaled.jpg",0,0,false],"thumbnail":["https:\/\/4c.top-me.eu\/wp-content\/uploads\/2022\/10\/IMG_4860-scaled.jpg",1,1,false],"medium":["https:\/\/4c.top-me.eu\/wp-content\/uploads\/2022\/10\/IMG_4860-scaled.jpg",1,1,false],"medium_large":["https:\/\/4c.top-me.eu\/wp-content\/uploads\/2022\/10\/IMG_4860-scaled.jpg",1,1,false],"large":["https:\/\/4c.top-me.eu\/wp-content\/uploads\/2022\/10\/IMG_4860-scaled.jpg",1,1,false],"1536x1536":["https:\/\/4c.top-me.eu\/wp-content\/uploads\/2022\/10\/IMG_4860-scaled.jpg",1,1,false],"2048x2048":["https:\/\/4c.top-me.eu\/wp-content\/uploads\/2022\/10\/IMG_4860-scaled.jpg",1,1,false],"archive-list":["https:\/\/4c.top-me.eu\/wp-content\/uploads\/2022\/10\/IMG_4860-scaled.jpg",1,1,false],"archive-list-2":["https:\/\/4c.top-me.eu\/wp-content\/uploads\/2022\/10\/IMG_4860-scaled.jpg",1,1,false],"woocommerce_thumbnail":["https:\/\/4c.top-me.eu\/wp-content\/uploads\/2022\/10\/IMG_4860-scaled.jpg",1,1,false],"woocommerce_single":["https:\/\/4c.top-me.eu\/wp-content\/uploads\/2022\/10\/IMG_4860-scaled.jpg",1,1,false],"woocommerce_gallery_thumbnail":["https:\/\/4c.top-me.eu\/wp-content\/uploads\/2022\/10\/IMG_4860-scaled.jpg",1,1,false]},"uagb_author_info":{"display_name":"accordeonMaster","author_link":"https:\/\/4c.top-me.eu\/en\/author\/"},"uagb_comment_info":0,"uagb_excerpt":"N\u00e1dhern\u00fd elegantn\u00ed n\u00e1hrdeln\u00edk z brou\u0161en\u00fdch kor\u00e1lk\u016f spinelu, prolo\u017een\u00fdch brou\u0161en\u00fdmi kor\u00e1lky karneolu. Uprost\u0159ed p\u0159edn\u00ed \u010d\u00e1sti se nach\u00e1z\u00ed v\u011bt\u0161\u00ed brou\u0161en\u00fd kor\u00e1lek karneolu, obklopen\u00fd \u010dty\u0159mi v\u011bt\u0161\u00edmi kor\u00e1lky spinelu. N\u00e1hrdeln\u00edk je navle\u010den na kovov\u00e9m lanku. Nejmen\u0161\u00ed kor\u00e1lky spinelu m\u011b\u0159\u00ed 1,9 mm. Nejv\u011bt\u0161\u00ed kor\u00e1lky spinelu m\u011b\u0159\u00ed 3 mm. Nejmen\u0161\u00ed kor\u00e1lky karneolu m\u011b\u0159\u00ed okolo 2,5 mm. Nejv\u011bt\u0161\u00ed kor\u00e1lek karneolu m\u011b\u0159\u00ed 3,1","_links":{"self":[{"href":"https:\/\/4c.top-me.eu\/en\/wp-json\/wp\/v2\/product\/11332","targetHints":{"allow":["GET"]}}],"collection":[{"href":"https:\/\/4c.top-me.eu\/en\/wp-json\/wp\/v2\/product"}],"about":[{"href":"https:\/\/4c.top-me.eu\/en\/wp-json\/wp\/v2\/types\/product"}],"wp:featuredmedia":[{"embeddable":true,"href":"https:\/\/4c.top-me.eu\/en\/wp-json\/wp\/v2\/media\/11430"}],"wp:attachment":[{"href":"https:\/\/4c.top-me.eu\/en\/wp-json\/wp\/v2\/media?parent=11332"}],"wp:term":[{"taxonomy":"product_brand","embeddable":true,"href":"https:\/\/4c.top-me.eu\/en\/wp-json\/wp\/v2\/product_brand?post=11332"},{"taxonomy":"product_cat","embeddable":true,"href":"https:\/\/4c.top-me.eu\/en\/wp-json\/wp\/v2\/product_cat?post=11332"},{"taxonomy":"product_tag","embeddable":true,"href":"https:\/\/4c.top-me.eu\/en\/wp-json\/wp\/v2\/product_tag?post=11332"}],"curies":[{"name":"wp","href":"https:\/\/api.w.org\/{rel}","templated":true}]}}