{"id":11331,"date":"2022-10-10T14:26:51","date_gmt":"2022-10-10T14:26:51","guid":{"rendered":"https:\/\/fvgear.com\/?post_type=product&#038;p=11331"},"modified":"2022-10-10T14:29:53","modified_gmt":"2022-10-10T14:29:53","slug":"nahrdelnik-spinel-a-kyanit","status":"publish","type":"product","link":"https:\/\/4c.top-me.eu\/en\/product\/nahrdelnik-spinel-a-kyanit\/","title":{"rendered":"N\u00e1hrdeln\u00edk spinel a kyanit"},"content":{"rendered":"<p>N\u00e1dhern\u00fd elegantn\u00ed n\u00e1hrdeln\u00edk z brou\u0161en\u00fdch kor\u00e1lk\u016f spinelu, s podlouhl\u00fdm kor\u00e1lkem kyanitu uprost\u0159ed p\u0159edn\u00ed \u010d\u00e1sti. N\u00e1hrdeln\u00edk je navle\u010den na kovov\u00e9m lanku.<\/p>\n<p>Jednotliv\u00e9 kor\u00e1lky spinelu m\u011b\u0159\u00ed 2 mm. Kor\u00e1lek kyanitu m\u011b\u0159\u00ed na d\u00e9lku 35,3 mm a na \u0161\u00ed\u0159ku v nej\u0161ir\u0161\u00edm bod\u011b 9 mm. N\u00e1hrdeln\u00edk m\u00e1 st\u0159\u00edbrn\u00e9 zap\u00edn\u00e1n\u00ed na klasickou karabinku. St\u0159\u00edbro Ag 925\/1000. D\u00e9lka zap\u00edn\u00e1n\u00ed je 3,4 cm. Celkov\u00e1 d\u00e9lka n\u00e1hrdeln\u00edku je 43,6 cm. Celkov\u00e1 hmotnost je 7,4 g.<\/p>\n","protected":false},"excerpt":{"rendered":"<p>N\u00e1dhern\u00fd elegantn\u00ed n\u00e1hrdeln\u00edk z brou\u0161en\u00fdch kor\u00e1lk\u016f spinelu, s podlouhl\u00fdm kor\u00e1lkem kyanitu uprost\u0159ed p\u0159edn\u00ed \u010d\u00e1sti. N\u00e1hrdeln\u00edk je navle\u010den na kovov\u00e9m lanku. Jednotliv\u00e9 kor\u00e1lky spinelu m\u011b\u0159\u00ed 2 mm. Kor\u00e1lek kyanitu m\u011b\u0159\u00ed na d\u00e9lku 35,3 mm a na \u0161\u00ed\u0159ku v nej\u0161ir\u0161\u00edm bod\u011b 9 mm. N\u00e1hrdeln\u00edk m\u00e1 st\u0159\u00edbrn\u00e9 zap\u00edn\u00e1n\u00ed na klasickou karabinku. St\u0159\u00edbro Ag 925\/1000. D\u00e9lka zap\u00edn\u00e1n\u00ed je 3,4<\/p>\n","protected":false},"featured_media":11393,"template":"","meta":{"_acf_changed":false,"_uag_custom_page_level_css":""},"product_brand":[],"product_cat":[31],"product_tag":[234,33,106,87],"class_list":{"0":"post-11331","1":"product","2":"type-product","3":"status-publish","4":"has-post-thumbnail","6":"product_cat-nahrdelniky-s-prirodnimi-kameny-stribro-925-1000","7":"product_tag-kyanit","8":"product_tag-nahrdelnik","9":"product_tag-spinel","10":"product_tag-stribro-925-1000","12":"first","13":"instock","14":"sold-individually","15":"taxable","16":"shipping-taxable","17":"purchasable","18":"product-type-simple"},"acf":[],"uagb_featured_image_src":{"full":["https:\/\/4c.top-me.eu\/wp-content\/uploads\/2022\/10\/IMG_4841-scaled.jpg",0,0,false],"thumbnail":["https:\/\/4c.top-me.eu\/wp-content\/uploads\/2022\/10\/IMG_4841-scaled.jpg",1,1,false],"medium":["https:\/\/4c.top-me.eu\/wp-content\/uploads\/2022\/10\/IMG_4841-scaled.jpg",1,1,false],"medium_large":["https:\/\/4c.top-me.eu\/wp-content\/uploads\/2022\/10\/IMG_4841-scaled.jpg",1,1,false],"large":["https:\/\/4c.top-me.eu\/wp-content\/uploads\/2022\/10\/IMG_4841-scaled.jpg",1,1,false],"1536x1536":["https:\/\/4c.top-me.eu\/wp-content\/uploads\/2022\/10\/IMG_4841-scaled.jpg",1,1,false],"2048x2048":["https:\/\/4c.top-me.eu\/wp-content\/uploads\/2022\/10\/IMG_4841-scaled.jpg",1,1,false],"archive-list":["https:\/\/4c.top-me.eu\/wp-content\/uploads\/2022\/10\/IMG_4841-scaled.jpg",1,1,false],"archive-list-2":["https:\/\/4c.top-me.eu\/wp-content\/uploads\/2022\/10\/IMG_4841-scaled.jpg",1,1,false],"woocommerce_thumbnail":["https:\/\/4c.top-me.eu\/wp-content\/uploads\/2022\/10\/IMG_4841-scaled.jpg",1,1,false],"woocommerce_single":["https:\/\/4c.top-me.eu\/wp-content\/uploads\/2022\/10\/IMG_4841-scaled.jpg",1,1,false],"woocommerce_gallery_thumbnail":["https:\/\/4c.top-me.eu\/wp-content\/uploads\/2022\/10\/IMG_4841-scaled.jpg",1,1,false]},"uagb_author_info":{"display_name":"accordeonMaster","author_link":"https:\/\/4c.top-me.eu\/en\/author\/"},"uagb_comment_info":0,"uagb_excerpt":"N\u00e1dhern\u00fd elegantn\u00ed n\u00e1hrdeln\u00edk z brou\u0161en\u00fdch kor\u00e1lk\u016f spinelu, s podlouhl\u00fdm kor\u00e1lkem kyanitu uprost\u0159ed p\u0159edn\u00ed \u010d\u00e1sti. N\u00e1hrdeln\u00edk je navle\u010den na kovov\u00e9m lanku. Jednotliv\u00e9 kor\u00e1lky spinelu m\u011b\u0159\u00ed 2 mm. Kor\u00e1lek kyanitu m\u011b\u0159\u00ed na d\u00e9lku 35,3 mm a na \u0161\u00ed\u0159ku v nej\u0161ir\u0161\u00edm bod\u011b 9 mm. N\u00e1hrdeln\u00edk m\u00e1 st\u0159\u00edbrn\u00e9 zap\u00edn\u00e1n\u00ed na klasickou karabinku. St\u0159\u00edbro Ag 925\/1000. D\u00e9lka zap\u00edn\u00e1n\u00ed je 3,4","_links":{"self":[{"href":"https:\/\/4c.top-me.eu\/en\/wp-json\/wp\/v2\/product\/11331","targetHints":{"allow":["GET"]}}],"collection":[{"href":"https:\/\/4c.top-me.eu\/en\/wp-json\/wp\/v2\/product"}],"about":[{"href":"https:\/\/4c.top-me.eu\/en\/wp-json\/wp\/v2\/types\/product"}],"wp:featuredmedia":[{"embeddable":true,"href":"https:\/\/4c.top-me.eu\/en\/wp-json\/wp\/v2\/media\/11393"}],"wp:attachment":[{"href":"https:\/\/4c.top-me.eu\/en\/wp-json\/wp\/v2\/media?parent=11331"}],"wp:term":[{"taxonomy":"product_brand","embeddable":true,"href":"https:\/\/4c.top-me.eu\/en\/wp-json\/wp\/v2\/product_brand?post=11331"},{"taxonomy":"product_cat","embeddable":true,"href":"https:\/\/4c.top-me.eu\/en\/wp-json\/wp\/v2\/product_cat?post=11331"},{"taxonomy":"product_tag","embeddable":true,"href":"https:\/\/4c.top-me.eu\/en\/wp-json\/wp\/v2\/product_tag?post=11331"}],"curies":[{"name":"wp","href":"https:\/\/api.w.org\/{rel}","templated":true}]}}