{"id":11000,"date":"2022-10-04T13:28:21","date_gmt":"2022-10-04T13:28:21","guid":{"rendered":"https:\/\/fvgear.com\/?post_type=product&#038;p=11000"},"modified":"2022-10-04T13:29:22","modified_gmt":"2022-10-04T13:29:22","slug":"naramek-zahneda","status":"publish","type":"product","link":"https:\/\/4c.top-me.eu\/en\/product\/naramek-zahneda\/","title":{"rendered":"N\u00e1ramek z\u00e1hn\u011bda"},"content":{"rendered":"<div class=\"et_pb_column et_pb_column_3_8 et_pb_column_inner et_pb_column_inner_4_tb_body et-last-child\">\n<div class=\"et_pb_module et_pb_wc_description et_pb_wc_description_1_tb_body et_pb_bg_layout_light et_pb_text_align_left\">\n<div class=\"et_pb_module_inner\">\n<div class=\"et_pb_column et_pb_column_3_8 et_pb_column_inner et_pb_column_inner_4_tb_body et-last-child\">\n<div class=\"et_pb_module et_pb_wc_description et_pb_wc_description_1_tb_body et_pb_bg_layout_light et_pb_text_align_left\">\n<div class=\"et_pb_module_inner\">\n<div class=\"et_pb_column et_pb_column_3_8 et_pb_column_inner et_pb_column_inner_4_tb_body et-last-child\">\n<div class=\"et_pb_module et_pb_wc_description et_pb_wc_description_1_tb_body et_pb_bg_layout_light et_pb_text_align_left\">\n<div class=\"et_pb_module_inner\">\n<div class=\"et_pb_column et_pb_column_3_8 et_pb_column_inner et_pb_column_inner_4_tb_body et-last-child\">\n<div class=\"et_pb_module et_pb_wc_description et_pb_wc_description_1_tb_body et_pb_bg_layout_light et_pb_text_align_left\">\n<div class=\"et_pb_module_inner\">\n<p>Kr\u00e1sn\u00fd n\u00e1ramek z drobn\u00fdch ohlazen\u00fdch kor\u00e1lk\u016f z\u00e1hn\u011bdy. N\u00e1ramek je navle\u010den na \u010dervenohn\u011bd\u00e9 hedv\u00e1bn\u00e9 niti.<\/p>\n<p>N\u00e1ramek m\u00e1 klasick\u00e9 zap\u00edn\u00e1n\u00ed na st\u0159\u00edbrnou karabinku. St\u0159\u00edbro Ag 925\/1000. Zap\u00edn\u00e1n\u00ed m\u011b\u0159\u00ed 2,5 cm. Jednotliv\u00e9 kor\u00e1lky m\u011b\u0159\u00ed cca 3,3 mm. Celkov\u00e1 d\u00e9lka n\u00e1ramku je 17 cm. Celkov\u00e1 v\u00e1ha n\u00e1ramku je 2,79\u00a0 g.<\/p>\n<\/div>\n<\/div>\n<\/div>\n<\/div>\n<\/div>\n<\/div>\n<\/div>\n<\/div>\n<\/div>\n<\/div>\n<\/div>\n<\/div>\n","protected":false},"excerpt":{"rendered":"<p>Kr\u00e1sn\u00fd n\u00e1ramek z drobn\u00fdch ohlazen\u00fdch kor\u00e1lk\u016f z\u00e1hn\u011bdy. N\u00e1ramek je navle\u010den na \u010dervenohn\u011bd\u00e9 hedv\u00e1bn\u00e9 niti. N\u00e1ramek m\u00e1 klasick\u00e9 zap\u00edn\u00e1n\u00ed na st\u0159\u00edbrnou karabinku. St\u0159\u00edbro Ag 925\/1000. Zap\u00edn\u00e1n\u00ed m\u011b\u0159\u00ed 2,5 cm. Jednotliv\u00e9 kor\u00e1lky m\u011b\u0159\u00ed cca 3,3 mm. Celkov\u00e1 d\u00e9lka n\u00e1ramku je 17 cm. Celkov\u00e1 v\u00e1ha n\u00e1ramku je 2,79\u00a0 g.<\/p>\n","protected":false},"featured_media":11001,"template":"","meta":{"_acf_changed":false,"_uag_custom_page_level_css":""},"product_brand":[],"product_cat":[15,60],"product_tag":[146,87,134],"class_list":{"0":"post-11000","1":"product","2":"type-product","3":"status-publish","4":"has-post-thumbnail","6":"product_cat-bez-kategorie","7":"product_cat-naramky-s-prirodnimi-kameny-stribro-925-1000","8":"product_tag-naramek","9":"product_tag-stribro-925-1000","10":"product_tag-zahneda","12":"first","13":"instock","14":"sold-individually","15":"taxable","16":"shipping-taxable","17":"purchasable","18":"product-type-simple"},"acf":[],"uagb_featured_image_src":{"full":["https:\/\/4c.top-me.eu\/wp-content\/uploads\/2022\/10\/IMG_5117-scaled.jpg",0,0,false],"thumbnail":["https:\/\/4c.top-me.eu\/wp-content\/uploads\/2022\/10\/IMG_5117-scaled.jpg",1,1,false],"medium":["https:\/\/4c.top-me.eu\/wp-content\/uploads\/2022\/10\/IMG_5117-scaled.jpg",1,1,false],"medium_large":["https:\/\/4c.top-me.eu\/wp-content\/uploads\/2022\/10\/IMG_5117-scaled.jpg",1,1,false],"large":["https:\/\/4c.top-me.eu\/wp-content\/uploads\/2022\/10\/IMG_5117-scaled.jpg",1,1,false],"1536x1536":["https:\/\/4c.top-me.eu\/wp-content\/uploads\/2022\/10\/IMG_5117-scaled.jpg",1,1,false],"2048x2048":["https:\/\/4c.top-me.eu\/wp-content\/uploads\/2022\/10\/IMG_5117-scaled.jpg",1,1,false],"archive-list":["https:\/\/4c.top-me.eu\/wp-content\/uploads\/2022\/10\/IMG_5117-scaled.jpg",1,1,false],"archive-list-2":["https:\/\/4c.top-me.eu\/wp-content\/uploads\/2022\/10\/IMG_5117-scaled.jpg",1,1,false],"woocommerce_thumbnail":["https:\/\/4c.top-me.eu\/wp-content\/uploads\/2022\/10\/IMG_5117-scaled.jpg",1,1,false],"woocommerce_single":["https:\/\/4c.top-me.eu\/wp-content\/uploads\/2022\/10\/IMG_5117-scaled.jpg",1,1,false],"woocommerce_gallery_thumbnail":["https:\/\/4c.top-me.eu\/wp-content\/uploads\/2022\/10\/IMG_5117-scaled.jpg",1,1,false]},"uagb_author_info":{"display_name":"accordeonMaster","author_link":"https:\/\/4c.top-me.eu\/en\/author\/"},"uagb_comment_info":0,"uagb_excerpt":"Kr\u00e1sn\u00fd n\u00e1ramek z drobn\u00fdch ohlazen\u00fdch kor\u00e1lk\u016f z\u00e1hn\u011bdy. N\u00e1ramek je navle\u010den na \u010dervenohn\u011bd\u00e9 hedv\u00e1bn\u00e9 niti. N\u00e1ramek m\u00e1 klasick\u00e9 zap\u00edn\u00e1n\u00ed na st\u0159\u00edbrnou karabinku. St\u0159\u00edbro Ag 925\/1000. Zap\u00edn\u00e1n\u00ed m\u011b\u0159\u00ed 2,5 cm. Jednotliv\u00e9 kor\u00e1lky m\u011b\u0159\u00ed cca 3,3 mm. Celkov\u00e1 d\u00e9lka n\u00e1ramku je 17 cm. Celkov\u00e1 v\u00e1ha n\u00e1ramku je 2,79\u00a0 g.","_links":{"self":[{"href":"https:\/\/4c.top-me.eu\/en\/wp-json\/wp\/v2\/product\/11000","targetHints":{"allow":["GET"]}}],"collection":[{"href":"https:\/\/4c.top-me.eu\/en\/wp-json\/wp\/v2\/product"}],"about":[{"href":"https:\/\/4c.top-me.eu\/en\/wp-json\/wp\/v2\/types\/product"}],"wp:featuredmedia":[{"embeddable":true,"href":"https:\/\/4c.top-me.eu\/en\/wp-json\/wp\/v2\/media\/11001"}],"wp:attachment":[{"href":"https:\/\/4c.top-me.eu\/en\/wp-json\/wp\/v2\/media?parent=11000"}],"wp:term":[{"taxonomy":"product_brand","embeddable":true,"href":"https:\/\/4c.top-me.eu\/en\/wp-json\/wp\/v2\/product_brand?post=11000"},{"taxonomy":"product_cat","embeddable":true,"href":"https:\/\/4c.top-me.eu\/en\/wp-json\/wp\/v2\/product_cat?post=11000"},{"taxonomy":"product_tag","embeddable":true,"href":"https:\/\/4c.top-me.eu\/en\/wp-json\/wp\/v2\/product_tag?post=11000"}],"curies":[{"name":"wp","href":"https:\/\/api.w.org\/{rel}","templated":true}]}}