{"id":10870,"date":"2022-09-22T15:23:40","date_gmt":"2022-09-22T15:23:40","guid":{"rendered":"https:\/\/fvgear.com\/?post_type=product&#038;p=10870"},"modified":"2022-09-22T15:23:40","modified_gmt":"2022-09-22T15:23:40","slug":"nahrdelnik-apatit-4","status":"publish","type":"product","link":"https:\/\/4c.top-me.eu\/en\/product\/nahrdelnik-apatit-4\/","title":{"rendered":"N\u00e1hrdeln\u00edk apatit"},"content":{"rendered":"<div class=\"et_pb_column et_pb_column_3_8 et_pb_column_inner et_pb_column_inner_4_tb_body et-last-child\">\n<div class=\"et_pb_module et_pb_wc_description et_pb_wc_description_1_tb_body et_pb_bg_layout_light et_pb_text_align_left\">\n<div class=\"et_pb_module_inner\">\n<div class=\"et_pb_column et_pb_column_3_8 et_pb_column_inner et_pb_column_inner_4_tb_body et-last-child\">\n<div class=\"et_pb_module et_pb_wc_description et_pb_wc_description_1_tb_body et_pb_bg_layout_light et_pb_text_align_left\">\n<div class=\"et_pb_module_inner\">\n<div class=\"et_pb_column et_pb_column_3_8 et_pb_column_inner et_pb_column_inner_4_tb_body et-last-child\">\n<div class=\"et_pb_module et_pb_wc_description et_pb_wc_description_1_tb_body et_pb_bg_layout_light et_pb_text_align_left\">\n<div class=\"et_pb_module_inner\">\n<p>P\u0159ekr\u00e1sn\u00fd a okouzluj\u00edc\u00ed n\u00e1hrdeln\u00edk z brou\u0161en\u00e9ho apatitu ve tvaru kapek, zdoben\u00fd n\u011b\u017en\u00fdmi st\u0159\u00edbrn\u00fdmi komponenty. Kapky jsou v n\u00e1hrdeln\u00edku odstup\u0148ovan\u00e9 podle velikosti, od t\u011bch nejdrobn\u011bj\u0161\u00edch na kraj\u00edch n\u00e1hrdeln\u00edku a\u017e k t\u011bm nejv\u011bt\u0161\u00edm uprost\u0159ed p\u0159edn\u00ed \u010d\u00e1sti n\u00e1hrdeln\u00edku.<\/p>\n<p>D\u00e9lka nejdrobn\u011bj\u0161\u00edch kapek je cca 5,3 mm. \u0160\u00ed\u0159ka nejdrobn\u011bj\u0161\u00edch kapek v jejich nej\u0161ir\u0161\u00edm m\u00edst\u011b je cca 3,3 mm. D\u00e9lka nejv\u011bt\u0161\u00edch kapek je cca 7 mm. \u0160\u00ed\u0159ka nejv\u011bt\u0161\u00edch kapek v jejich nej\u0161ir\u0161\u00edm m\u00edst\u011b je cca 4,5 mm. N\u00e1hrdeln\u00edk m\u00e1 st\u0159\u00edbrn\u00e9 variabiln\u00ed zap\u00edn\u00e1n\u00ed na klasickou karabinku a \u0159et\u00edzek z v\u011bt\u0161\u00edch o\u010dek, d\u00edky kter\u00fdm se d\u00e1 zap\u00ednat na r\u016fznou d\u00e9lku. St\u0159\u00edbro Ag 925\/1000. Zap\u00edn\u00e1n\u00ed zapnut\u00e9 na nejkrat\u0161\u00ed variantu m\u011b\u0159\u00ed celkem 4 cm. Zap\u00edn\u00e1n\u00ed zapnut\u00e9 na nejdel\u0161\u00ed variantu m\u011b\u0159\u00ed celkem 8,3 cm. Celkov\u00e1 d\u00e9lka n\u00e1hrdeln\u00edku p\u0159i zapnut\u00ed na nejkrat\u0161\u00ed variantu je 41 cm. Celkov\u00e1 d\u00e9lka n\u00e1hrdeln\u00edku p\u0159i zapnut\u00ed na nejdel\u0161\u00ed variantu je 45,1 cm. Celkov\u00e1 hmotnost je 16,7 g.<\/p>\n<\/div>\n<\/div>\n<\/div>\n<\/div>\n<\/div>\n<\/div>\n<\/div>\n<\/div>\n<\/div>\n","protected":false},"excerpt":{"rendered":"<p>P\u0159ekr\u00e1sn\u00fd a okouzluj\u00edc\u00ed n\u00e1hrdeln\u00edk z brou\u0161en\u00e9ho apatitu ve tvaru kapek, zdoben\u00fd n\u011b\u017en\u00fdmi st\u0159\u00edbrn\u00fdmi komponenty. Kapky jsou v n\u00e1hrdeln\u00edku odstup\u0148ovan\u00e9 podle velikosti, od t\u011bch nejdrobn\u011bj\u0161\u00edch na kraj\u00edch n\u00e1hrdeln\u00edku a\u017e k t\u011bm nejv\u011bt\u0161\u00edm uprost\u0159ed p\u0159edn\u00ed \u010d\u00e1sti n\u00e1hrdeln\u00edku. D\u00e9lka nejdrobn\u011bj\u0161\u00edch kapek je cca 5,3 mm. \u0160\u00ed\u0159ka nejdrobn\u011bj\u0161\u00edch kapek v jejich nej\u0161ir\u0161\u00edm m\u00edst\u011b je cca 3,3 mm. D\u00e9lka nejv\u011bt\u0161\u00edch<\/p>\n","protected":false},"featured_media":10879,"template":"","meta":{"_acf_changed":false,"_uag_custom_page_level_css":""},"product_brand":[],"product_cat":[31],"product_tag":[100,33,87],"class_list":{"0":"post-10870","1":"product","2":"type-product","3":"status-publish","4":"has-post-thumbnail","6":"product_cat-nahrdelniky-s-prirodnimi-kameny-stribro-925-1000","7":"product_tag-apatit","8":"product_tag-nahrdelnik","9":"product_tag-stribro-925-1000","11":"first","12":"instock","13":"sold-individually","14":"taxable","15":"shipping-taxable","16":"purchasable","17":"product-type-simple"},"acf":[],"uagb_featured_image_src":{"full":["https:\/\/4c.top-me.eu\/wp-content\/uploads\/2022\/09\/IMG_3617-scaled.jpg",0,0,false],"thumbnail":["https:\/\/4c.top-me.eu\/wp-content\/uploads\/2022\/09\/IMG_3617-scaled.jpg",1,1,false],"medium":["https:\/\/4c.top-me.eu\/wp-content\/uploads\/2022\/09\/IMG_3617-scaled.jpg",1,1,false],"medium_large":["https:\/\/4c.top-me.eu\/wp-content\/uploads\/2022\/09\/IMG_3617-scaled.jpg",1,1,false],"large":["https:\/\/4c.top-me.eu\/wp-content\/uploads\/2022\/09\/IMG_3617-scaled.jpg",1,1,false],"1536x1536":["https:\/\/4c.top-me.eu\/wp-content\/uploads\/2022\/09\/IMG_3617-scaled.jpg",1,1,false],"2048x2048":["https:\/\/4c.top-me.eu\/wp-content\/uploads\/2022\/09\/IMG_3617-scaled.jpg",1,1,false],"archive-list":["https:\/\/4c.top-me.eu\/wp-content\/uploads\/2022\/09\/IMG_3617-scaled.jpg",1,1,false],"archive-list-2":["https:\/\/4c.top-me.eu\/wp-content\/uploads\/2022\/09\/IMG_3617-scaled.jpg",1,1,false],"woocommerce_thumbnail":["https:\/\/4c.top-me.eu\/wp-content\/uploads\/2022\/09\/IMG_3617-scaled.jpg",1,1,false],"woocommerce_single":["https:\/\/4c.top-me.eu\/wp-content\/uploads\/2022\/09\/IMG_3617-scaled.jpg",1,1,false],"woocommerce_gallery_thumbnail":["https:\/\/4c.top-me.eu\/wp-content\/uploads\/2022\/09\/IMG_3617-scaled.jpg",1,1,false]},"uagb_author_info":{"display_name":"accordeonMaster","author_link":"https:\/\/4c.top-me.eu\/en\/author\/"},"uagb_comment_info":0,"uagb_excerpt":"P\u0159ekr\u00e1sn\u00fd a okouzluj\u00edc\u00ed n\u00e1hrdeln\u00edk z brou\u0161en\u00e9ho apatitu ve tvaru kapek, zdoben\u00fd n\u011b\u017en\u00fdmi st\u0159\u00edbrn\u00fdmi komponenty. Kapky jsou v n\u00e1hrdeln\u00edku odstup\u0148ovan\u00e9 podle velikosti, od t\u011bch nejdrobn\u011bj\u0161\u00edch na kraj\u00edch n\u00e1hrdeln\u00edku a\u017e k t\u011bm nejv\u011bt\u0161\u00edm uprost\u0159ed p\u0159edn\u00ed \u010d\u00e1sti n\u00e1hrdeln\u00edku. D\u00e9lka nejdrobn\u011bj\u0161\u00edch kapek je cca 5,3 mm. \u0160\u00ed\u0159ka nejdrobn\u011bj\u0161\u00edch kapek v jejich nej\u0161ir\u0161\u00edm m\u00edst\u011b je cca 3,3 mm. D\u00e9lka nejv\u011bt\u0161\u00edch","_links":{"self":[{"href":"https:\/\/4c.top-me.eu\/en\/wp-json\/wp\/v2\/product\/10870","targetHints":{"allow":["GET"]}}],"collection":[{"href":"https:\/\/4c.top-me.eu\/en\/wp-json\/wp\/v2\/product"}],"about":[{"href":"https:\/\/4c.top-me.eu\/en\/wp-json\/wp\/v2\/types\/product"}],"wp:featuredmedia":[{"embeddable":true,"href":"https:\/\/4c.top-me.eu\/en\/wp-json\/wp\/v2\/media\/10879"}],"wp:attachment":[{"href":"https:\/\/4c.top-me.eu\/en\/wp-json\/wp\/v2\/media?parent=10870"}],"wp:term":[{"taxonomy":"product_brand","embeddable":true,"href":"https:\/\/4c.top-me.eu\/en\/wp-json\/wp\/v2\/product_brand?post=10870"},{"taxonomy":"product_cat","embeddable":true,"href":"https:\/\/4c.top-me.eu\/en\/wp-json\/wp\/v2\/product_cat?post=10870"},{"taxonomy":"product_tag","embeddable":true,"href":"https:\/\/4c.top-me.eu\/en\/wp-json\/wp\/v2\/product_tag?post=10870"}],"curies":[{"name":"wp","href":"https:\/\/api.w.org\/{rel}","templated":true}]}}