{"id":10563,"date":"2022-09-20T14:27:14","date_gmt":"2022-09-20T14:27:14","guid":{"rendered":"https:\/\/fvgear.com\/?post_type=product&#038;p=10563"},"modified":"2022-09-20T14:27:15","modified_gmt":"2022-09-20T14:27:15","slug":"nahrdelnik-granat-a-spinel","status":"publish","type":"product","link":"https:\/\/4c.top-me.eu\/en\/product\/nahrdelnik-granat-a-spinel\/","title":{"rendered":"N\u00e1hrdeln\u00edk gran\u00e1t a spinel"},"content":{"rendered":"<div class=\"et_pb_column et_pb_column_3_8 et_pb_column_inner et_pb_column_inner_4_tb_body et-last-child\">\n<div class=\"et_pb_module et_pb_wc_description et_pb_wc_description_1_tb_body et_pb_bg_layout_light et_pb_text_align_left\">\n<div class=\"et_pb_module_inner\">\n<p>Elegantn\u00ed n\u00e1hrdeln\u00edk z brou\u0161en\u00fdch kor\u00e1lk\u016f gran\u00e1tu a spinelu. N\u00e1hrdeln\u00edk je navle\u010den na \u010derven\u00e9m kovov\u00e9m lanku.<\/p>\n<p>Jednotliv\u00e9 kor\u00e1lky m\u011b\u0159\u00ed okolo 2,3\u20133 mm. N\u00e1hrdeln\u00edk m\u00e1 st\u0159\u00edbrn\u00e9 variabiln\u00ed zap\u00edn\u00e1n\u00ed na klasickou karabinku a t\u0159i o\u010dka, d\u00edky kter\u00fdm se d\u00e1 zap\u00ednat na r\u016fznou d\u00e9lku. St\u0159\u00edbro Ag 925\/1000. Zap\u00edn\u00e1n\u00ed zapnut\u00e9 na nejkrat\u0161\u00ed variantu m\u011b\u0159\u00ed celkem 1,9 cm. Zap\u00edn\u00e1n\u00ed zapnut\u00e9 na nejdel\u0161\u00ed variantu m\u011b\u0159\u00ed celkem 3,9 cm. Celkov\u00e1 d\u00e9lka n\u00e1hrdeln\u00edku p\u0159i zapnut\u00ed na nejkrat\u0161\u00ed variantu je 42,5 cm. Celkov\u00e1 d\u00e9lka n\u00e1hrdeln\u00edku p\u0159i zapnut\u00ed na nejdel\u0161\u00ed variantu je 44,3 cm. Celkov\u00e1 hmotnost je 6,85 g.<\/p>\n<\/div>\n<\/div>\n<\/div>\n","protected":false},"excerpt":{"rendered":"<p>Elegantn\u00ed n\u00e1hrdeln\u00edk z brou\u0161en\u00fdch kor\u00e1lk\u016f gran\u00e1tu a spinelu. N\u00e1hrdeln\u00edk je navle\u010den na \u010derven\u00e9m kovov\u00e9m lanku. Jednotliv\u00e9 kor\u00e1lky m\u011b\u0159\u00ed okolo 2,3\u20133 mm. N\u00e1hrdeln\u00edk m\u00e1 st\u0159\u00edbrn\u00e9 variabiln\u00ed zap\u00edn\u00e1n\u00ed na klasickou karabinku a t\u0159i o\u010dka, d\u00edky kter\u00fdm se d\u00e1 zap\u00ednat na r\u016fznou d\u00e9lku. St\u0159\u00edbro Ag 925\/1000. Zap\u00edn\u00e1n\u00ed zapnut\u00e9 na nejkrat\u0161\u00ed variantu m\u011b\u0159\u00ed celkem 1,9 cm. Zap\u00edn\u00e1n\u00ed zapnut\u00e9 na<\/p>\n","protected":false},"featured_media":10566,"template":"","meta":{"_acf_changed":false,"_uag_custom_page_level_css":""},"product_brand":[],"product_cat":[31],"product_tag":[112,33,106,87],"class_list":{"0":"post-10563","1":"product","2":"type-product","3":"status-publish","4":"has-post-thumbnail","6":"product_cat-nahrdelniky-s-prirodnimi-kameny-stribro-925-1000","7":"product_tag-granat","8":"product_tag-nahrdelnik","9":"product_tag-spinel","10":"product_tag-stribro-925-1000","12":"first","13":"instock","14":"sold-individually","15":"taxable","16":"shipping-taxable","17":"purchasable","18":"product-type-simple"},"acf":[],"uagb_featured_image_src":{"full":["https:\/\/4c.top-me.eu\/wp-content\/uploads\/2022\/09\/IMG_3669-scaled.jpg",0,0,false],"thumbnail":["https:\/\/4c.top-me.eu\/wp-content\/uploads\/2022\/09\/IMG_3669-scaled.jpg",1,1,false],"medium":["https:\/\/4c.top-me.eu\/wp-content\/uploads\/2022\/09\/IMG_3669-scaled.jpg",1,1,false],"medium_large":["https:\/\/4c.top-me.eu\/wp-content\/uploads\/2022\/09\/IMG_3669-scaled.jpg",1,1,false],"large":["https:\/\/4c.top-me.eu\/wp-content\/uploads\/2022\/09\/IMG_3669-scaled.jpg",1,1,false],"1536x1536":["https:\/\/4c.top-me.eu\/wp-content\/uploads\/2022\/09\/IMG_3669-scaled.jpg",1,1,false],"2048x2048":["https:\/\/4c.top-me.eu\/wp-content\/uploads\/2022\/09\/IMG_3669-scaled.jpg",1,1,false],"archive-list":["https:\/\/4c.top-me.eu\/wp-content\/uploads\/2022\/09\/IMG_3669-scaled.jpg",1,1,false],"archive-list-2":["https:\/\/4c.top-me.eu\/wp-content\/uploads\/2022\/09\/IMG_3669-scaled.jpg",1,1,false],"woocommerce_thumbnail":["https:\/\/4c.top-me.eu\/wp-content\/uploads\/2022\/09\/IMG_3669-scaled.jpg",1,1,false],"woocommerce_single":["https:\/\/4c.top-me.eu\/wp-content\/uploads\/2022\/09\/IMG_3669-scaled.jpg",1,1,false],"woocommerce_gallery_thumbnail":["https:\/\/4c.top-me.eu\/wp-content\/uploads\/2022\/09\/IMG_3669-scaled.jpg",1,1,false]},"uagb_author_info":{"display_name":"accordeonMaster","author_link":"https:\/\/4c.top-me.eu\/en\/author\/"},"uagb_comment_info":0,"uagb_excerpt":"Elegantn\u00ed n\u00e1hrdeln\u00edk z brou\u0161en\u00fdch kor\u00e1lk\u016f gran\u00e1tu a spinelu. N\u00e1hrdeln\u00edk je navle\u010den na \u010derven\u00e9m kovov\u00e9m lanku. Jednotliv\u00e9 kor\u00e1lky m\u011b\u0159\u00ed okolo 2,3\u20133 mm. N\u00e1hrdeln\u00edk m\u00e1 st\u0159\u00edbrn\u00e9 variabiln\u00ed zap\u00edn\u00e1n\u00ed na klasickou karabinku a t\u0159i o\u010dka, d\u00edky kter\u00fdm se d\u00e1 zap\u00ednat na r\u016fznou d\u00e9lku. St\u0159\u00edbro Ag 925\/1000. Zap\u00edn\u00e1n\u00ed zapnut\u00e9 na nejkrat\u0161\u00ed variantu m\u011b\u0159\u00ed celkem 1,9 cm. Zap\u00edn\u00e1n\u00ed zapnut\u00e9 na","_links":{"self":[{"href":"https:\/\/4c.top-me.eu\/en\/wp-json\/wp\/v2\/product\/10563","targetHints":{"allow":["GET"]}}],"collection":[{"href":"https:\/\/4c.top-me.eu\/en\/wp-json\/wp\/v2\/product"}],"about":[{"href":"https:\/\/4c.top-me.eu\/en\/wp-json\/wp\/v2\/types\/product"}],"wp:featuredmedia":[{"embeddable":true,"href":"https:\/\/4c.top-me.eu\/en\/wp-json\/wp\/v2\/media\/10566"}],"wp:attachment":[{"href":"https:\/\/4c.top-me.eu\/en\/wp-json\/wp\/v2\/media?parent=10563"}],"wp:term":[{"taxonomy":"product_brand","embeddable":true,"href":"https:\/\/4c.top-me.eu\/en\/wp-json\/wp\/v2\/product_brand?post=10563"},{"taxonomy":"product_cat","embeddable":true,"href":"https:\/\/4c.top-me.eu\/en\/wp-json\/wp\/v2\/product_cat?post=10563"},{"taxonomy":"product_tag","embeddable":true,"href":"https:\/\/4c.top-me.eu\/en\/wp-json\/wp\/v2\/product_tag?post=10563"}],"curies":[{"name":"wp","href":"https:\/\/api.w.org\/{rel}","templated":true}]}}