{"id":10230,"date":"2022-09-13T15:09:33","date_gmt":"2022-09-13T15:09:33","guid":{"rendered":"https:\/\/fvgear.com\/?post_type=product&#038;p=10230"},"modified":"2022-09-13T15:09:34","modified_gmt":"2022-09-13T15:09:34","slug":"nausnice-caroit","status":"publish","type":"product","link":"https:\/\/4c.top-me.eu\/en\/product\/nausnice-caroit\/","title":{"rendered":"N\u00e1u\u0161nice \u010daroit"},"content":{"rendered":"<p>N\u00e1dhern\u00e9 elegantn\u00ed n\u00e1u\u0161nice z kr\u00e1sn\u011b fialov\u00e9ho \u010daroitu.<\/p>\n<p>\u010caroit je zasazen do st\u0159\u00edbrn\u00e9 obrou\u010dky s o\u010dkem, pomoc\u00ed kter\u00e9ho je p\u0159ipevn\u011bn k n\u00e1u\u0161nicov\u00e9mu h\u00e1\u010dku, na konci zakon\u010den\u00e9ho st\u0159\u00edbrnou kuli\u010dkou. St\u0159\u00edbro Ag 925\/1000. D\u00e9lka zap\u00edn\u00e1n\u00ed je 1,7 cm. D\u00e9lka kamene je 2,6 mm a \u0161\u00ed\u0159ka v nej\u0161ir\u0161\u00edm bod\u011b 10,5 mm. Celkov\u00e1 d\u00e9lka n\u00e1u\u0161nic je p\u0159ibli\u017en\u011b 4,5 cm. Celkov\u00e1 v\u00e1ha n\u00e1u\u0161nic je 10,84 g.<\/p>\n","protected":false},"excerpt":{"rendered":"<p>N\u00e1dhern\u00e9 elegantn\u00ed n\u00e1u\u0161nice z kr\u00e1sn\u011b fialov\u00e9ho \u010daroitu. \u010caroit je zasazen do st\u0159\u00edbrn\u00e9 obrou\u010dky s o\u010dkem, pomoc\u00ed kter\u00e9ho je p\u0159ipevn\u011bn k n\u00e1u\u0161nicov\u00e9mu h\u00e1\u010dku, na konci zakon\u010den\u00e9ho st\u0159\u00edbrnou kuli\u010dkou. St\u0159\u00edbro Ag 925\/1000. D\u00e9lka zap\u00edn\u00e1n\u00ed je 1,7 cm. D\u00e9lka kamene je 2,6 mm a \u0161\u00ed\u0159ka v nej\u0161ir\u0161\u00edm bod\u011b 10,5 mm. Celkov\u00e1 d\u00e9lka n\u00e1u\u0161nic je p\u0159ibli\u017en\u011b 4,5 cm. Celkov\u00e1<\/p>\n","protected":false},"featured_media":10243,"template":"","meta":{"_acf_changed":false,"_uag_custom_page_level_css":""},"product_brand":[],"product_cat":[56],"product_tag":[102,118,87],"class_list":{"0":"post-10230","1":"product","2":"type-product","3":"status-publish","4":"has-post-thumbnail","6":"product_cat-privesky-a-nausnice-stribro-925-1000","7":"product_tag-caroit","8":"product_tag-nausnice","9":"product_tag-stribro-925-1000","11":"first","12":"instock","13":"sold-individually","14":"taxable","15":"shipping-taxable","16":"purchasable","17":"product-type-simple"},"acf":[],"uagb_featured_image_src":{"full":["https:\/\/4c.top-me.eu\/wp-content\/uploads\/2022\/09\/IMG_2655-scaled.jpg",0,0,false],"thumbnail":["https:\/\/4c.top-me.eu\/wp-content\/uploads\/2022\/09\/IMG_2655-scaled.jpg",1,1,false],"medium":["https:\/\/4c.top-me.eu\/wp-content\/uploads\/2022\/09\/IMG_2655-scaled.jpg",1,1,false],"medium_large":["https:\/\/4c.top-me.eu\/wp-content\/uploads\/2022\/09\/IMG_2655-scaled.jpg",1,1,false],"large":["https:\/\/4c.top-me.eu\/wp-content\/uploads\/2022\/09\/IMG_2655-scaled.jpg",1,1,false],"1536x1536":["https:\/\/4c.top-me.eu\/wp-content\/uploads\/2022\/09\/IMG_2655-scaled.jpg",1,1,false],"2048x2048":["https:\/\/4c.top-me.eu\/wp-content\/uploads\/2022\/09\/IMG_2655-scaled.jpg",1,1,false],"archive-list":["https:\/\/4c.top-me.eu\/wp-content\/uploads\/2022\/09\/IMG_2655-scaled.jpg",1,1,false],"archive-list-2":["https:\/\/4c.top-me.eu\/wp-content\/uploads\/2022\/09\/IMG_2655-scaled.jpg",1,1,false],"woocommerce_thumbnail":["https:\/\/4c.top-me.eu\/wp-content\/uploads\/2022\/09\/IMG_2655-scaled.jpg",1,1,false],"woocommerce_single":["https:\/\/4c.top-me.eu\/wp-content\/uploads\/2022\/09\/IMG_2655-scaled.jpg",1,1,false],"woocommerce_gallery_thumbnail":["https:\/\/4c.top-me.eu\/wp-content\/uploads\/2022\/09\/IMG_2655-scaled.jpg",1,1,false]},"uagb_author_info":{"display_name":"accordeonMaster","author_link":"https:\/\/4c.top-me.eu\/en\/author\/"},"uagb_comment_info":0,"uagb_excerpt":"N\u00e1dhern\u00e9 elegantn\u00ed n\u00e1u\u0161nice z kr\u00e1sn\u011b fialov\u00e9ho \u010daroitu. \u010caroit je zasazen do st\u0159\u00edbrn\u00e9 obrou\u010dky s o\u010dkem, pomoc\u00ed kter\u00e9ho je p\u0159ipevn\u011bn k n\u00e1u\u0161nicov\u00e9mu h\u00e1\u010dku, na konci zakon\u010den\u00e9ho st\u0159\u00edbrnou kuli\u010dkou. St\u0159\u00edbro Ag 925\/1000. D\u00e9lka zap\u00edn\u00e1n\u00ed je 1,7 cm. D\u00e9lka kamene je 2,6 mm a \u0161\u00ed\u0159ka v nej\u0161ir\u0161\u00edm bod\u011b 10,5 mm. Celkov\u00e1 d\u00e9lka n\u00e1u\u0161nic je p\u0159ibli\u017en\u011b 4,5 cm. Celkov\u00e1","_links":{"self":[{"href":"https:\/\/4c.top-me.eu\/en\/wp-json\/wp\/v2\/product\/10230","targetHints":{"allow":["GET"]}}],"collection":[{"href":"https:\/\/4c.top-me.eu\/en\/wp-json\/wp\/v2\/product"}],"about":[{"href":"https:\/\/4c.top-me.eu\/en\/wp-json\/wp\/v2\/types\/product"}],"wp:featuredmedia":[{"embeddable":true,"href":"https:\/\/4c.top-me.eu\/en\/wp-json\/wp\/v2\/media\/10243"}],"wp:attachment":[{"href":"https:\/\/4c.top-me.eu\/en\/wp-json\/wp\/v2\/media?parent=10230"}],"wp:term":[{"taxonomy":"product_brand","embeddable":true,"href":"https:\/\/4c.top-me.eu\/en\/wp-json\/wp\/v2\/product_brand?post=10230"},{"taxonomy":"product_cat","embeddable":true,"href":"https:\/\/4c.top-me.eu\/en\/wp-json\/wp\/v2\/product_cat?post=10230"},{"taxonomy":"product_tag","embeddable":true,"href":"https:\/\/4c.top-me.eu\/en\/wp-json\/wp\/v2\/product_tag?post=10230"}],"curies":[{"name":"wp","href":"https:\/\/api.w.org\/{rel}","templated":true}]}}