{"id":10198,"date":"2022-09-13T14:46:49","date_gmt":"2022-09-13T14:46:49","guid":{"rendered":"https:\/\/fvgear.com\/?post_type=product&#038;p=10198"},"modified":"2022-09-13T14:46:50","modified_gmt":"2022-09-13T14:46:50","slug":"nausnice-ametyst","status":"publish","type":"product","link":"https:\/\/4c.top-me.eu\/en\/product\/nausnice-ametyst\/","title":{"rendered":"N\u00e1u\u0161nice ametyst"},"content":{"rendered":"<p>Unik\u00e1tn\u00ed n\u00e1u\u0161nice z ametystu s r\u016fzn\u00fdmi odst\u00edny fialov\u00e9.<\/p>\n<p>Ametyst je zasazen do st\u0159\u00edbrn\u00e9 obrou\u010dky s o\u010dkem, pomoc\u00ed kter\u00e9ho je p\u0159ipevn\u011bn k n\u00e1u\u0161nicov\u00e9mu h\u00e1\u010dku, na konci zakon\u010den\u00e9ho st\u0159\u00edbrnou kuli\u010dkou. St\u0159\u00edbro Ag 925\/1000. D\u00e9lka zap\u00edn\u00e1n\u00ed je 1,7 cm. D\u00e9lka kamene je 2,9 cm a \u0161\u00ed\u0159ka v nej\u0161ir\u0161\u00edm bod\u011b 1,2 cm. Celkov\u00e1 d\u00e9lka n\u00e1u\u0161nic je p\u0159ibli\u017en\u011b 4,8 cm. Celkov\u00e1 v\u00e1ha n\u00e1u\u0161nic je 11,14 g<\/p>\n","protected":false},"excerpt":{"rendered":"<p>Unik\u00e1tn\u00ed n\u00e1u\u0161nice z ametystu s r\u016fzn\u00fdmi odst\u00edny fialov\u00e9. Ametyst je zasazen do st\u0159\u00edbrn\u00e9 obrou\u010dky s o\u010dkem, pomoc\u00ed kter\u00e9ho je p\u0159ipevn\u011bn k n\u00e1u\u0161nicov\u00e9mu h\u00e1\u010dku, na konci zakon\u010den\u00e9ho st\u0159\u00edbrnou kuli\u010dkou. St\u0159\u00edbro Ag 925\/1000. D\u00e9lka zap\u00edn\u00e1n\u00ed je 1,7 cm. D\u00e9lka kamene je 2,9 cm a \u0161\u00ed\u0159ka v nej\u0161ir\u0161\u00edm bod\u011b 1,2 cm. Celkov\u00e1 d\u00e9lka n\u00e1u\u0161nic je p\u0159ibli\u017en\u011b 4,8 cm.<\/p>\n","protected":false},"featured_media":10203,"template":"","meta":{"_acf_changed":false,"_uag_custom_page_level_css":""},"product_brand":[],"product_cat":[56],"product_tag":[42,118,87],"class_list":{"0":"post-10198","1":"product","2":"type-product","3":"status-publish","4":"has-post-thumbnail","6":"product_cat-privesky-a-nausnice-stribro-925-1000","7":"product_tag-ametyst","8":"product_tag-nausnice","9":"product_tag-stribro-925-1000","11":"first","12":"instock","13":"sold-individually","14":"taxable","15":"shipping-taxable","16":"purchasable","17":"product-type-simple"},"acf":[],"uagb_featured_image_src":{"full":["https:\/\/4c.top-me.eu\/wp-content\/uploads\/2022\/09\/IMG_2637-scaled.jpg",0,0,false],"thumbnail":["https:\/\/4c.top-me.eu\/wp-content\/uploads\/2022\/09\/IMG_2637-scaled.jpg",1,1,false],"medium":["https:\/\/4c.top-me.eu\/wp-content\/uploads\/2022\/09\/IMG_2637-scaled.jpg",1,1,false],"medium_large":["https:\/\/4c.top-me.eu\/wp-content\/uploads\/2022\/09\/IMG_2637-scaled.jpg",1,1,false],"large":["https:\/\/4c.top-me.eu\/wp-content\/uploads\/2022\/09\/IMG_2637-scaled.jpg",1,1,false],"1536x1536":["https:\/\/4c.top-me.eu\/wp-content\/uploads\/2022\/09\/IMG_2637-scaled.jpg",1,1,false],"2048x2048":["https:\/\/4c.top-me.eu\/wp-content\/uploads\/2022\/09\/IMG_2637-scaled.jpg",1,1,false],"archive-list":["https:\/\/4c.top-me.eu\/wp-content\/uploads\/2022\/09\/IMG_2637-scaled.jpg",1,1,false],"archive-list-2":["https:\/\/4c.top-me.eu\/wp-content\/uploads\/2022\/09\/IMG_2637-scaled.jpg",1,1,false],"woocommerce_thumbnail":["https:\/\/4c.top-me.eu\/wp-content\/uploads\/2022\/09\/IMG_2637-scaled.jpg",1,1,false],"woocommerce_single":["https:\/\/4c.top-me.eu\/wp-content\/uploads\/2022\/09\/IMG_2637-scaled.jpg",1,1,false],"woocommerce_gallery_thumbnail":["https:\/\/4c.top-me.eu\/wp-content\/uploads\/2022\/09\/IMG_2637-scaled.jpg",1,1,false]},"uagb_author_info":{"display_name":"accordeonMaster","author_link":"https:\/\/4c.top-me.eu\/en\/author\/"},"uagb_comment_info":0,"uagb_excerpt":"Unik\u00e1tn\u00ed n\u00e1u\u0161nice z ametystu s r\u016fzn\u00fdmi odst\u00edny fialov\u00e9. Ametyst je zasazen do st\u0159\u00edbrn\u00e9 obrou\u010dky s o\u010dkem, pomoc\u00ed kter\u00e9ho je p\u0159ipevn\u011bn k n\u00e1u\u0161nicov\u00e9mu h\u00e1\u010dku, na konci zakon\u010den\u00e9ho st\u0159\u00edbrnou kuli\u010dkou. St\u0159\u00edbro Ag 925\/1000. D\u00e9lka zap\u00edn\u00e1n\u00ed je 1,7 cm. D\u00e9lka kamene je 2,9 cm a \u0161\u00ed\u0159ka v nej\u0161ir\u0161\u00edm bod\u011b 1,2 cm. Celkov\u00e1 d\u00e9lka n\u00e1u\u0161nic je p\u0159ibli\u017en\u011b 4,8 cm.","_links":{"self":[{"href":"https:\/\/4c.top-me.eu\/en\/wp-json\/wp\/v2\/product\/10198","targetHints":{"allow":["GET"]}}],"collection":[{"href":"https:\/\/4c.top-me.eu\/en\/wp-json\/wp\/v2\/product"}],"about":[{"href":"https:\/\/4c.top-me.eu\/en\/wp-json\/wp\/v2\/types\/product"}],"wp:featuredmedia":[{"embeddable":true,"href":"https:\/\/4c.top-me.eu\/en\/wp-json\/wp\/v2\/media\/10203"}],"wp:attachment":[{"href":"https:\/\/4c.top-me.eu\/en\/wp-json\/wp\/v2\/media?parent=10198"}],"wp:term":[{"taxonomy":"product_brand","embeddable":true,"href":"https:\/\/4c.top-me.eu\/en\/wp-json\/wp\/v2\/product_brand?post=10198"},{"taxonomy":"product_cat","embeddable":true,"href":"https:\/\/4c.top-me.eu\/en\/wp-json\/wp\/v2\/product_cat?post=10198"},{"taxonomy":"product_tag","embeddable":true,"href":"https:\/\/4c.top-me.eu\/en\/wp-json\/wp\/v2\/product_tag?post=10198"}],"curies":[{"name":"wp","href":"https:\/\/api.w.org\/{rel}","templated":true}]}}