{"id":10043,"date":"2022-09-13T10:48:52","date_gmt":"2022-09-13T10:48:52","guid":{"rendered":"https:\/\/fvgear.com\/?post_type=product&#038;p=10043"},"modified":"2022-09-13T10:52:16","modified_gmt":"2022-09-13T10:52:16","slug":"naramek-rodochrozit","status":"publish","type":"product","link":"https:\/\/4c.top-me.eu\/en\/product\/naramek-rodochrozit\/","title":{"rendered":"N\u00e1ramek rodochrozit"},"content":{"rendered":"<div class=\"et_pb_column et_pb_column_3_8 et_pb_column_inner et_pb_column_inner_4_tb_body et-last-child\">\n<div class=\"et_pb_module et_pb_wc_description et_pb_wc_description_1_tb_body et_pb_bg_layout_light et_pb_text_align_left\">\n<div class=\"et_pb_module_inner\">\n<div class=\"et_pb_column et_pb_column_3_8 et_pb_column_inner et_pb_column_inner_4_tb_body et-last-child\">\n<div class=\"et_pb_module et_pb_wc_description et_pb_wc_description_1_tb_body et_pb_bg_layout_light et_pb_text_align_left\">\n<div class=\"et_pb_module_inner\">\n<div class=\"et_pb_column et_pb_column_3_8 et_pb_column_inner et_pb_column_inner_4_tb_body et-last-child\">\n<div class=\"et_pb_module et_pb_wc_description et_pb_wc_description_1_tb_body et_pb_bg_layout_light et_pb_text_align_left\">\n<div class=\"et_pb_module_inner\">\n<p>Elegantn\u00ed n\u00e1ramek z drobn\u00fdch brou\u0161en\u00fdch kor\u00e1lk\u016f rodochrozitu. Kor\u00e1lky rodochrozitu maj\u00ed kr\u00e1sn\u011b r\u016f\u017eovou barvu a d\u00edky sv\u00e9mu brusu se kr\u00e1sn\u011b t\u0159pyt\u00ed. N\u00e1ramek je navle\u010den na r\u016f\u017eov\u00e9 hedv\u00e1bn\u00e9 niti.<\/p>\n<p>N\u00e1ramek m\u00e1 klasick\u00e9 zap\u00edn\u00e1n\u00ed na st\u0159\u00edbrnou karabinku. St\u0159\u00edbro Ag 925\/1000. Zap\u00edn\u00e1n\u00ed m\u011b\u0159\u00ed 2,1 cm. Jednotliv\u00e9 kor\u00e1lky m\u011b\u0159\u00ed cca 1,8 mm. Celkov\u00e1 d\u00e9lka n\u00e1ramku je 17,8 cm. Celkov\u00e1 v\u00e1ha n\u00e1hrdeln\u00edku je 1,36 g.<\/p>\n<\/div>\n<\/div>\n<\/div>\n<\/div>\n<\/div>\n<\/div>\n<\/div>\n<\/div>\n<\/div>\n","protected":false},"excerpt":{"rendered":"<p>Elegantn\u00ed n\u00e1ramek z drobn\u00fdch brou\u0161en\u00fdch kor\u00e1lk\u016f rodochrozitu. Kor\u00e1lky rodochrozitu maj\u00ed kr\u00e1sn\u011b r\u016f\u017eovou barvu a d\u00edky sv\u00e9mu brusu se kr\u00e1sn\u011b t\u0159pyt\u00ed. N\u00e1ramek je navle\u010den na r\u016f\u017eov\u00e9 hedv\u00e1bn\u00e9 niti. N\u00e1ramek m\u00e1 klasick\u00e9 zap\u00edn\u00e1n\u00ed na st\u0159\u00edbrnou karabinku. St\u0159\u00edbro Ag 925\/1000. Zap\u00edn\u00e1n\u00ed m\u011b\u0159\u00ed 2,1 cm. Jednotliv\u00e9 kor\u00e1lky m\u011b\u0159\u00ed cca 1,8 mm. Celkov\u00e1 d\u00e9lka n\u00e1ramku je 17,8 cm. Celkov\u00e1 v\u00e1ha<\/p>\n","protected":false},"featured_media":10064,"template":"","meta":{"_acf_changed":false,"_uag_custom_page_level_css":""},"product_brand":[],"product_cat":[60],"product_tag":[146,159,87],"class_list":{"0":"post-10043","1":"product","2":"type-product","3":"status-publish","4":"has-post-thumbnail","6":"product_cat-naramky-s-prirodnimi-kameny-stribro-925-1000","7":"product_tag-naramek","8":"product_tag-rodochrozit","9":"product_tag-stribro-925-1000","11":"first","12":"instock","13":"sold-individually","14":"taxable","15":"shipping-taxable","16":"purchasable","17":"product-type-simple"},"acf":[],"uagb_featured_image_src":{"full":["https:\/\/4c.top-me.eu\/wp-content\/uploads\/2022\/09\/IMG_2738-scaled.jpg",0,0,false],"thumbnail":["https:\/\/4c.top-me.eu\/wp-content\/uploads\/2022\/09\/IMG_2738-scaled.jpg",1,1,false],"medium":["https:\/\/4c.top-me.eu\/wp-content\/uploads\/2022\/09\/IMG_2738-scaled.jpg",1,1,false],"medium_large":["https:\/\/4c.top-me.eu\/wp-content\/uploads\/2022\/09\/IMG_2738-scaled.jpg",1,1,false],"large":["https:\/\/4c.top-me.eu\/wp-content\/uploads\/2022\/09\/IMG_2738-scaled.jpg",1,1,false],"1536x1536":["https:\/\/4c.top-me.eu\/wp-content\/uploads\/2022\/09\/IMG_2738-scaled.jpg",1,1,false],"2048x2048":["https:\/\/4c.top-me.eu\/wp-content\/uploads\/2022\/09\/IMG_2738-scaled.jpg",1,1,false],"archive-list":["https:\/\/4c.top-me.eu\/wp-content\/uploads\/2022\/09\/IMG_2738-scaled.jpg",1,1,false],"archive-list-2":["https:\/\/4c.top-me.eu\/wp-content\/uploads\/2022\/09\/IMG_2738-scaled.jpg",1,1,false],"woocommerce_thumbnail":["https:\/\/4c.top-me.eu\/wp-content\/uploads\/2022\/09\/IMG_2738-scaled.jpg",1,1,false],"woocommerce_single":["https:\/\/4c.top-me.eu\/wp-content\/uploads\/2022\/09\/IMG_2738-scaled.jpg",1,1,false],"woocommerce_gallery_thumbnail":["https:\/\/4c.top-me.eu\/wp-content\/uploads\/2022\/09\/IMG_2738-scaled.jpg",1,1,false]},"uagb_author_info":{"display_name":"accordeonMaster","author_link":"https:\/\/4c.top-me.eu\/en\/author\/"},"uagb_comment_info":0,"uagb_excerpt":"Elegantn\u00ed n\u00e1ramek z drobn\u00fdch brou\u0161en\u00fdch kor\u00e1lk\u016f rodochrozitu. Kor\u00e1lky rodochrozitu maj\u00ed kr\u00e1sn\u011b r\u016f\u017eovou barvu a d\u00edky sv\u00e9mu brusu se kr\u00e1sn\u011b t\u0159pyt\u00ed. N\u00e1ramek je navle\u010den na r\u016f\u017eov\u00e9 hedv\u00e1bn\u00e9 niti. N\u00e1ramek m\u00e1 klasick\u00e9 zap\u00edn\u00e1n\u00ed na st\u0159\u00edbrnou karabinku. St\u0159\u00edbro Ag 925\/1000. Zap\u00edn\u00e1n\u00ed m\u011b\u0159\u00ed 2,1 cm. Jednotliv\u00e9 kor\u00e1lky m\u011b\u0159\u00ed cca 1,8 mm. Celkov\u00e1 d\u00e9lka n\u00e1ramku je 17,8 cm. Celkov\u00e1 v\u00e1ha","_links":{"self":[{"href":"https:\/\/4c.top-me.eu\/en\/wp-json\/wp\/v2\/product\/10043","targetHints":{"allow":["GET"]}}],"collection":[{"href":"https:\/\/4c.top-me.eu\/en\/wp-json\/wp\/v2\/product"}],"about":[{"href":"https:\/\/4c.top-me.eu\/en\/wp-json\/wp\/v2\/types\/product"}],"wp:featuredmedia":[{"embeddable":true,"href":"https:\/\/4c.top-me.eu\/en\/wp-json\/wp\/v2\/media\/10064"}],"wp:attachment":[{"href":"https:\/\/4c.top-me.eu\/en\/wp-json\/wp\/v2\/media?parent=10043"}],"wp:term":[{"taxonomy":"product_brand","embeddable":true,"href":"https:\/\/4c.top-me.eu\/en\/wp-json\/wp\/v2\/product_brand?post=10043"},{"taxonomy":"product_cat","embeddable":true,"href":"https:\/\/4c.top-me.eu\/en\/wp-json\/wp\/v2\/product_cat?post=10043"},{"taxonomy":"product_tag","embeddable":true,"href":"https:\/\/4c.top-me.eu\/en\/wp-json\/wp\/v2\/product_tag?post=10043"}],"curies":[{"name":"wp","href":"https:\/\/api.w.org\/{rel}","templated":true}]}}