{"id":98,"date":"2020-11-13T15:17:52","date_gmt":"2020-11-13T15:17:52","guid":{"rendered":"https:\/\/fvgear.com\/?page_id=98"},"modified":"2021-02-05T12:37:33","modified_gmt":"2021-02-05T12:37:33","slug":"odkazy","status":"publish","type":"page","link":"https:\/\/4c.top-me.eu\/en\/odkazy\/","title":{"rendered":"Odkazy"},"content":{"rendered":"<p>[et_pb_section fb_built=&#8221;1&#8243; _builder_version=&#8221;4.7.0&#8243; _module_preset=&#8221;default&#8221; hover_enabled=&#8221;0&#8243; background_color=&#8221;#ebe5dd&#8221; sticky_enabled=&#8221;0&#8243;][et_pb_row column_structure=&#8221;1_4,1_4,1_4,1_4&#8243; _builder_version=&#8221;4.7.0&#8243; _module_preset=&#8221;default&#8221;][et_pb_column type=&#8221;1_4&#8243; _builder_version=&#8221;4.7.0&#8243; _module_preset=&#8221;default&#8221;][et_pb_text _builder_version=&#8221;4.7.0&#8243; _module_preset=&#8221;default&#8221; header_3_font=&#8221;|600|||||||&#8221; hover_enabled=&#8221;0&#8243; sticky_enabled=&#8221;0&#8243;]<\/p>\n<h3>Informace o miner\u00e1lech<\/h3>\n<p>[\/et_pb_text][et_pb_text _builder_version=&#8221;4.7.0&#8243; _module_preset=&#8221;default&#8221; hover_enabled=&#8221;0&#8243; text_font_size=&#8221;20px&#8221; text_font=&#8221;|600|||||||&#8221; header_3_font=&#8221;|600|||||||&#8221; header_3_font_size=&#8221;20px&#8221; sticky_enabled=&#8221;0&#8243; text_text_color=&#8221;#000000&#8243;]<\/p>\n<p style=\"text-align: left;\">Nej\u0161ir\u0161\u00ed datab\u00e1ze o miner\u00e1lech<br \/> \u010casopis Miner\u00e1l<\/p>\n<p>[\/et_pb_text][\/et_pb_column][et_pb_column type=&#8221;1_4&#8243; _builder_version=&#8221;4.7.0&#8243; _module_preset=&#8221;default&#8221;][et_pb_text _builder_version=&#8221;4.7.0&#8243; _module_preset=&#8221;default&#8221; header_3_font=&#8221;|600|||||||&#8221; hover_enabled=&#8221;0&#8243; sticky_enabled=&#8221;0&#8243;]<\/p>\n<h3>Str\u00e1nky sb\u011bratel\u016f kamen\u016f<\/h3>\n<p>[\/et_pb_text][et_pb_text _builder_version=&#8221;4.7.0&#8243; _module_preset=&#8221;default&#8221; hover_enabled=&#8221;0&#8243; text_font_size=&#8221;20px&#8221; text_font=&#8221;|600|||||||&#8221; header_3_font=&#8221;|600|||||||&#8221; header_3_font_size=&#8221;20px&#8221; sticky_enabled=&#8221;0&#8243; text_text_color=&#8221;#000000&#8243;]<\/p>\n<p style=\"text-align: left;\">Michal Filippi<br \/>Hoffmanovi<br \/>Petr \u0160\u00edstek<br \/>Karel Ma\u0159\u00edk<\/p>\n<p>[\/et_pb_text][\/et_pb_column][et_pb_column type=&#8221;1_4&#8243; _builder_version=&#8221;4.7.0&#8243; _module_preset=&#8221;default&#8221;][et_pb_text _builder_version=&#8221;4.7.0&#8243; _module_preset=&#8221;default&#8221; header_3_font=&#8221;|600|||||||&#8221; hover_enabled=&#8221;0&#8243; sticky_enabled=&#8221;0&#8243;]<\/p>\n<h3>Muzea s mineral. t\u00e9matikou<\/h3>\n<p>[\/et_pb_text][et_pb_text _builder_version=&#8221;4.7.0&#8243; _module_preset=&#8221;default&#8221; header_3_font=&#8221;|600|||||||&#8221; hover_enabled=&#8221;0&#8243; sticky_enabled=&#8221;0&#8243;]<\/p>\n<h3>Muzeum P\u0159\u00edbram<\/h3>\n<p>[\/et_pb_text][\/et_pb_column][et_pb_column type=&#8221;1_4&#8243; _builder_version=&#8221;4.7.0&#8243; _module_preset=&#8221;default&#8221;][et_pb_text _builder_version=&#8221;4.7.0&#8243; _module_preset=&#8221;default&#8221; header_3_font=&#8221;|600|||||||&#8221; hover_enabled=&#8221;0&#8243; sticky_enabled=&#8221;0&#8243;]<\/p>\n<h3>Sp\u0159\u00e1telen\u00e9 weby<\/h3>\n<p>&nbsp;<\/p>\n<p>[\/et_pb_text][et_pb_text _builder_version=&#8221;4.7.0&#8243; _module_preset=&#8221;default&#8221; header_3_font=&#8221;|600|||||||&#8221; hover_enabled=&#8221;0&#8243; sticky_enabled=&#8221;0&#8243; text_font=&#8221;|600|||||||&#8221; text_font_size=&#8221;16px&#8221; text_text_color=&#8221;#000000&#8243;]<\/p>\n<p>Respektus &#8211; designov\u00e9 krby<br \/> BenefitCard<\/p>\n<p>[\/et_pb_text][\/et_pb_column][\/et_pb_row][\/et_pb_section][et_pb_section fb_built=&#8221;1&#8243; _builder_version=&#8221;4.7.0&#8243; _module_preset=&#8221;default&#8221; background_color=&#8221;#d8d8d8&#8243; global_module=&#8221;1491&#8243; saved_tabs=&#8221;all&#8221;][et_pb_row _builder_version=&#8221;4.7.0&#8243; _module_preset=&#8221;default&#8221; max_width=&#8221;600px&#8221; custom_padding=&#8221;0px||0px||true|false&#8221;][et_pb_column type=&#8221;4_4&#8243; _builder_version=&#8221;4.7.0&#8243; _module_preset=&#8221;default&#8221;][et_pb_text _builder_version=&#8221;4.7.0&#8243; _module_preset=&#8221;default&#8221; text_font_size=&#8221;16px&#8221; text_letter_spacing=&#8221;0.5px&#8221; text_line_height=&#8221;20px&#8221;]<\/p>\n<h2 style=\"text-align: center;\">P\u0158IHLA\u0160TE SE K ODB\u011aRU NEWSLETTERU<\/h2>\n<p style=\"text-align: center;\">Z\u00edskejte informace o slev\u00e1ch a novink\u00e1ch jako prvn\u00ed.<\/p>\n<p>[\/et_pb_text][et_pb_contact_form captcha=&#8221;off&#8221; success_message=&#8221;D\u011bkujeme! Ji\u017e brzy se m\u016f\u017eete t\u011b\u0161it na novinky ze sv\u011bta miner\u00e1l\u016f ve Va\u0161\u00ed e-mailov\u00e9 schr\u00e1nce.&#8221; submit_button_text=&#8221;odeb\u00edrat&#8221; module_class=&#8221;module__newsletter-form&#8221; _builder_version=&#8221;4.7.0&#8243; _module_preset=&#8221;default&#8221; custom_button=&#8221;on&#8221; button_text_size=&#8221;14px&#8221; button_text_color=&#8221;#ffffff&#8221; button_bg_color=&#8221;#6d7d6a&#8221; button_border_width=&#8221;0px&#8221; button_letter_spacing=&#8221;1px&#8221; button_font=&#8221;|||on|||||&#8221; button_icon=&#8221;%%3%%&#8221; button_icon_color=&#8221;#ffffff&#8221; button_custom_padding=&#8221;14px||14px||true|false&#8221; button_text_size__hover_enabled=&#8221;off|desktop&#8221;][et_pb_contact_field field_id=&#8221;field-email&#8221; field_title=&#8221;Zadat e-mailovou adresu&#8221; field_type=&#8221;email&#8221; fullwidth_field=&#8221;on&#8221; _builder_version=&#8221;4.7.0&#8243; border_radii=&#8221;off|3px|||3px&#8221; button_text_size__hover_enabled=&#8221;off&#8221; button_one_text_size__hover_enabled=&#8221;off&#8221; button_two_text_size__hover_enabled=&#8221;off&#8221; button_text_color__hover_enabled=&#8221;off&#8221; button_one_text_color__hover_enabled=&#8221;off&#8221; button_two_text_color__hover_enabled=&#8221;off&#8221; button_border_width__hover_enabled=&#8221;off&#8221; button_one_border_width__hover_enabled=&#8221;off&#8221; button_two_border_width__hover_enabled=&#8221;off&#8221; button_border_color__hover_enabled=&#8221;off&#8221; button_one_border_color__hover_enabled=&#8221;off&#8221; button_two_border_color__hover_enabled=&#8221;off&#8221; button_border_radius__hover_enabled=&#8221;off&#8221; button_one_border_radius__hover_enabled=&#8221;off&#8221; button_two_border_radius__hover_enabled=&#8221;off&#8221; button_letter_spacing__hover_enabled=&#8221;off&#8221; button_one_letter_spacing__hover_enabled=&#8221;off&#8221; button_two_letter_spacing__hover_enabled=&#8221;off&#8221; button_bg_color__hover_enabled=&#8221;off&#8221; button_one_bg_color__hover_enabled=&#8221;off&#8221; button_two_bg_color__hover_enabled=&#8221;off&#8221;][\/et_pb_contact_field][\/et_pb_contact_form][et_pb_text _builder_version=&#8221;4.7.0&#8243; _module_preset=&#8221;default&#8221; text_font_size=&#8221;12px&#8221;]<\/p>\n<p style=\"text-align: center;\">Va\u0161e e-mailov\u00e9 adresy s nik\u00fdm nesd\u00edl\u00edme a vyu\u017e\u00edv\u00e1me je pouze za \u00fa\u010delem rozes\u00edl\u00e1n\u00ed newsletteru. Z odb\u011bru newsletteru se m\u016f\u017eete kdykoliv odhl\u00e1sit odkazem v e-mailu. D\u011bkujeme za d\u016fv\u011bru!<\/p>\n<p>[\/et_pb_text][\/et_pb_column][\/et_pb_row][\/et_pb_section][et_pb_section fb_built=&#8221;1&#8243; _builder_version=&#8221;4.7.0&#8243; _module_preset=&#8221;default&#8221; background_image=&#8221;https:\/\/4c.top-me.eu\/wp-content\/uploads\/2021\/02\/demo-homepage-footer-image-background-1.png&#8221; custom_margin=&#8221;||||false|false&#8221; custom_padding=&#8221;0px||0px||true|false&#8221; global_module=&#8221;1559&#8243;][et_pb_row _builder_version=&#8221;4.7.0&#8243; _module_preset=&#8221;default&#8221; custom_padding=&#8221;0px||0px||true|&#8221;][et_pb_column type=&#8221;4_4&#8243; _builder_version=&#8221;4.7.0&#8243; _module_preset=&#8221;default&#8221;][et_pb_code _builder_version=&#8221;4.7.0&#8243; _module_preset=&#8221;default&#8221;]<\/p>\n<div class=\"section__footer-global\"><!-- [et_pb_line_break_holder] -->    <\/p>\n<div class=\"section__footer-contact background--lunargreen\"><!-- [et_pb_line_break_holder] -->        <\/p>\n<h3>4C MINERALS, s.r.o.<\/h3>\n<p><!-- [et_pb_line_break_holder] -->        <\/p>\n<ul><!-- [et_pb_line_break_holder] -->            <\/p>\n<li>ADRESA<\/li>\n<p><!-- [et_pb_line_break_holder] -->            <\/p>\n<li>Korunn\u00ed 29a<\/li>\n<p><!-- [et_pb_line_break_holder] -->            <\/p>\n<li>Praha 2 &#8211; Vinohrady<\/li>\n<p><!-- [et_pb_line_break_holder] -->            <\/p>\n<li>120 00<\/li>\n<p><!-- [et_pb_line_break_holder] -->        <\/ul>\n<p><!-- [et_pb_line_break_holder] -->        <\/p>\n<ul><!-- [et_pb_line_break_holder] -->            <\/p>\n<li>OTEV\u00cdRAC\u00cd DOBA<\/li>\n<p><!-- [et_pb_line_break_holder] -->            <\/p>\n<li>Po\u2014P\u00e1 10:00\u201418:00<\/li>\n<p><!-- [et_pb_line_break_holder] -->            <\/p>\n<li>V prosinci otev\u0159eno i o v\u00edkendech 10:00 &#8211; 18:00<\/li>\n<p><!-- [et_pb_line_break_holder] -->        <\/ul>\n<p><!-- [et_pb_line_break_holder] -->        <\/p>\n<ul><!-- [et_pb_line_break_holder] -->            <\/p>\n<li>KONTAKT<\/li>\n<p><!-- [et_pb_line_break_holder] -->            <\/p>\n<li>+420 602 221 320<\/li>\n<p><!-- [et_pb_line_break_holder] -->            <\/p>\n<li>+420 601 555 226<\/li>\n<p><!-- [et_pb_line_break_holder] -->            <\/p>\n<li>petr.cerny@4cminerals.cz<\/li>\n<p><!-- [et_pb_line_break_holder] -->        <\/ul>\n<p><!-- [et_pb_line_break_holder] -->        <a href=\"\/prodejna\/\"><button class=\"button__transparent\">Detail prodejny<\/button><\/a><!-- [et_pb_line_break_holder] -->        <\/p>\n<div class=\"social-media-links\"><!-- [et_pb_line_break_holder] -->            <a href=\"#\" target=\"_blank\" rel=\"noopener\">Facebook<\/a><!-- [et_pb_line_break_holder] -->            <a href=\"#\" target=\"_blank\" rel=\"noopener\">Instagram<\/a><!-- [et_pb_line_break_holder] -->        <\/div>\n<p><!-- [et_pb_line_break_holder] -->    <\/div>\n<p><!-- [et_pb_line_break_holder] -->    <\/p>\n<div class=\"section__footer-image\"><!-- [et_pb_line_break_holder] -->    <\/div>\n<p><!-- [et_pb_line_break_holder] --><\/div>\n<p>[\/et_pb_code][\/et_pb_column][\/et_pb_row][\/et_pb_section]<\/p>\n","protected":false},"excerpt":{"rendered":"<p>[et_pb_section fb_built=&#8221;1&#8243; _builder_version=&#8221;4.7.0&#8243; _module_preset=&#8221;default&#8221; hover_enabled=&#8221;0&#8243; background_color=&#8221;#ebe5dd&#8221; sticky_enabled=&#8221;0&#8243;][et_pb_row column_structure=&#8221;1_4,1_4,1_4,1_4&#8243; _builder_version=&#8221;4.7.0&#8243; _module_preset=&#8221;default&#8221;][et_pb_column type=&#8221;1_4&#8243; _builder_version=&#8221;4.7.0&#8243; _module_preset=&#8221;default&#8221;][et_pb_text _builder_version=&#8221;4.7.0&#8243; _module_preset=&#8221;default&#8221; header_3_font=&#8221;|600|||||||&#8221; hover_enabled=&#8221;0&#8243; sticky_enabled=&#8221;0&#8243;] Informace o miner\u00e1lech [\/et_pb_text][et_pb_text _builder_version=&#8221;4.7.0&#8243; _module_preset=&#8221;default&#8221; hover_enabled=&#8221;0&#8243; text_font_size=&#8221;20px&#8221; text_font=&#8221;|600|||||||&#8221; header_3_font=&#8221;|600|||||||&#8221; header_3_font_size=&#8221;20px&#8221; sticky_enabled=&#8221;0&#8243; text_text_color=&#8221;#000000&#8243;] Nej\u0161ir\u0161\u00ed datab\u00e1ze o miner\u00e1lech \u010casopis Miner\u00e1l [\/et_pb_text][\/et_pb_column][et_pb_column type=&#8221;1_4&#8243; _builder_version=&#8221;4.7.0&#8243; _module_preset=&#8221;default&#8221;][et_pb_text _builder_version=&#8221;4.7.0&#8243; _module_preset=&#8221;default&#8221; header_3_font=&#8221;|600|||||||&#8221; hover_enabled=&#8221;0&#8243; sticky_enabled=&#8221;0&#8243;] Str\u00e1nky sb\u011bratel\u016f kamen\u016f [\/et_pb_text][et_pb_text _builder_version=&#8221;4.7.0&#8243; _module_preset=&#8221;default&#8221; hover_enabled=&#8221;0&#8243; text_font_size=&#8221;20px&#8221; text_font=&#8221;|600|||||||&#8221;<\/p>\n","protected":false},"author":1,"featured_media":0,"parent":0,"menu_order":0,"comment_status":"closed","ping_status":"closed","template":"","meta":{"_acf_changed":false,"_uag_custom_page_level_css":"","footnotes":""},"class_list":["post-98","page","type-page","status-publish","hentry"],"acf":[],"uagb_featured_image_src":{"full":false,"thumbnail":false,"medium":false,"medium_large":false,"large":false,"1536x1536":false,"2048x2048":false,"archive-list":false,"archive-list-2":false,"woocommerce_thumbnail":false,"woocommerce_single":false,"woocommerce_gallery_thumbnail":false},"uagb_author_info":{"display_name":"Miroslav B\u00e1rta","author_link":"https:\/\/4c.top-me.eu\/en\/author\/miroslavbartambgmail-com\/"},"uagb_comment_info":0,"uagb_excerpt":"[et_pb_section fb_built=&#8221;1&#8243; _builder_version=&#8221;4.7.0&#8243; _module_preset=&#8221;default&#8221; hover_enabled=&#8221;0&#8243; background_color=&#8221;#ebe5dd&#8221; sticky_enabled=&#8221;0&#8243;][et_pb_row column_structure=&#8221;1_4,1_4,1_4,1_4&#8243; _builder_version=&#8221;4.7.0&#8243; _module_preset=&#8221;default&#8221;][et_pb_column type=&#8221;1_4&#8243; _builder_version=&#8221;4.7.0&#8243; _module_preset=&#8221;default&#8221;][et_pb_text _builder_version=&#8221;4.7.0&#8243; _module_preset=&#8221;default&#8221; header_3_font=&#8221;|600|||||||&#8221; hover_enabled=&#8221;0&#8243; sticky_enabled=&#8221;0&#8243;] Informace o miner\u00e1lech [\/et_pb_text][et_pb_text _builder_version=&#8221;4.7.0&#8243; _module_preset=&#8221;default&#8221; hover_enabled=&#8221;0&#8243; text_font_size=&#8221;20px&#8221; text_font=&#8221;|600|||||||&#8221; header_3_font=&#8221;|600|||||||&#8221; header_3_font_size=&#8221;20px&#8221; sticky_enabled=&#8221;0&#8243; text_text_color=&#8221;#000000&#8243;] Nej\u0161ir\u0161\u00ed datab\u00e1ze o miner\u00e1lech \u010casopis Miner\u00e1l [\/et_pb_text][\/et_pb_column][et_pb_column type=&#8221;1_4&#8243; _builder_version=&#8221;4.7.0&#8243; _module_preset=&#8221;default&#8221;][et_pb_text _builder_version=&#8221;4.7.0&#8243; _module_preset=&#8221;default&#8221; header_3_font=&#8221;|600|||||||&#8221; hover_enabled=&#8221;0&#8243; sticky_enabled=&#8221;0&#8243;] Str\u00e1nky sb\u011bratel\u016f kamen\u016f [\/et_pb_text][et_pb_text _builder_version=&#8221;4.7.0&#8243; _module_preset=&#8221;default&#8221; hover_enabled=&#8221;0&#8243; text_font_size=&#8221;20px&#8221; text_font=&#8221;|600|||||||&#8221;","_links":{"self":[{"href":"https:\/\/4c.top-me.eu\/en\/wp-json\/wp\/v2\/pages\/98","targetHints":{"allow":["GET"]}}],"collection":[{"href":"https:\/\/4c.top-me.eu\/en\/wp-json\/wp\/v2\/pages"}],"about":[{"href":"https:\/\/4c.top-me.eu\/en\/wp-json\/wp\/v2\/types\/page"}],"author":[{"embeddable":true,"href":"https:\/\/4c.top-me.eu\/en\/wp-json\/wp\/v2\/users\/1"}],"replies":[{"embeddable":true,"href":"https:\/\/4c.top-me.eu\/en\/wp-json\/wp\/v2\/comments?post=98"}],"version-history":[{"count":5,"href":"https:\/\/4c.top-me.eu\/en\/wp-json\/wp\/v2\/pages\/98\/revisions"}],"predecessor-version":[{"id":1641,"href":"https:\/\/4c.top-me.eu\/en\/wp-json\/wp\/v2\/pages\/98\/revisions\/1641"}],"wp:attachment":[{"href":"https:\/\/4c.top-me.eu\/en\/wp-json\/wp\/v2\/media?parent=98"}],"curies":[{"name":"wp","href":"https:\/\/api.w.org\/{rel}","templated":true}]}}