{"id":3750,"date":"2021-03-25T15:28:36","date_gmt":"2021-03-25T15:28:36","guid":{"rendered":"https:\/\/fvgear.com\/?page_id=3750"},"modified":"2025-08-17T15:02:25","modified_gmt":"2025-08-17T15:02:25","slug":"obchodni-podminky-a-ochrana-osobnich-udaju","status":"publish","type":"page","link":"https:\/\/4c.top-me.eu\/en\/obchodni-podminky-a-ochrana-osobnich-udaju\/","title":{"rendered":"Obchodn\u00ed podm\u00ednky a ochrana osobn\u00edch \u00fadaj\u016f"},"content":{"rendered":"\n<div class=\"wp-block-uagb-container uagb-block-4494bc53 alignfull uagb-is-root-container\"><div class=\"uagb-container-inner-blocks-wrap\">\n<div class=\"wp-block-uagb-container uagb-block-36d9ac3f\">\n<h1 class=\"wp-block-heading\">Obchodn\u00ed podm\u00ednky a ochrana osobn\u00edch \u00fadaj\u016f<\/h1>\n\n\n\n<p>&nbsp;<\/p>\n\n\n\n<p><strong>V\u0161eobecn\u00e1 ustanoven\u00ed<\/strong><\/p>\n\n\n\n<p>Zasl\u00e1n\u00edm z\u00e1vazn\u00e9 objedn\u00e1vky kupuj\u00edc\u00ed potvrzuje, \u017ee se sezn\u00e1mil s t\u011bmito obchodn\u00edmi podm\u00ednkami a \u017ee s nimi souhlas\u00ed. Tyto obchodn\u00ed podm\u00ednky bl\u00ed\u017ee vymezuj\u00ed a up\u0159es\u0148uj\u00ed pr\u00e1va a povinnosti p\u0159i uzav\u0159en\u00ed kupn\u00ed smlouvy mezi prod\u00e1vaj\u00edc\u00edm (4C minerals, s.r.o., I\u010c 285 05 841, provozuj\u00edc\u00edm internetov\u00fd obchod s kameny a \u0161perky na adrese http:\/\/shop.4cminerals.cz) a kupuj\u00edc\u00edm.<\/p>\n\n\n\n<p><strong>P\u0159edm\u011bt smlouvy<\/strong><\/p>\n\n\n\n<p>1) P\u0159edm\u011btem smlouvy je zbo\u017e\u00ed uveden\u00e9 v z\u00e1vazn\u00e9 objedn\u00e1vce kupuj\u00edc\u00edho. Rozm\u011bry, hmotnost, lokalita p\u016fvodu i p\u0159\u00edslu\u0161n\u00e1(\u00e9) fotografie odpov\u00eddaj\u00ed vlastnostem ka\u017ed\u00e9ho jednotliv\u00e9ho p\u0159edm\u011btu. Kupuj\u00edc\u00ed m\u016f\u017ee p\u0159ed objedn\u00e1n\u00edm zbo\u017e\u00ed polo\u017eit emailem dotaz pro p\u0159\u00edpadn\u00e9 ov\u011b\u0159en\u00ed nebo dopln\u011bn\u00ed t\u011bchto \u00fadaj\u016f. V\u0161echny fotografie jsou chr\u00e1n\u011bny autorsk\u00fdm pr\u00e1vem.<br>2) Prod\u00e1vaj\u00edc\u00ed se zavazuje, \u017ee kupuj\u00edc\u00edmu dod\u00e1 zbo\u017e\u00ed ve stavu v souladu se specifikac\u00ed podle uveden\u00e9ho popisu.<br>3) M\u00edstem doru\u010den\u00ed zbo\u017e\u00ed je adresa pro doru\u010den\u00ed uveden\u00e1 kupuj\u00edc\u00edm v objedn\u00e1vkov\u00e9m formul\u00e1\u0159i.<\/p>\n\n\n\n<p><strong>Objedn\u00e1n\u00ed zbo\u017e\u00ed a uzav\u0159en\u00ed smlouvy<\/strong><\/p>\n\n\n\n<p>1) Podm\u00ednkou platnosti objedn\u00e1vky je \u0159\u00e1dn\u00e9 vypln\u011bn\u00ed ve\u0161ker\u00fdch p\u0159edepsan\u00fdch \u00fadaj\u016f a n\u00e1le\u017eitost\u00ed uveden\u00fdch \u2028v objedn\u00e1vkov\u00e9m formul\u00e1\u0159i kupuj\u00edc\u00edm.<br>2) K uzav\u0159en\u00ed kupn\u00ed smlouvy je nutn\u00e9 potvrzen\u00ed objedn\u00e1vky prod\u00e1vaj\u00edc\u00edm. Toto potvrzen\u00ed objedn\u00e1vky bude zasl\u00e1no na emailovou adresu kupuj\u00edc\u00edho nejpozd\u011bji do 3 pracovn\u00edch dn\u016f ode dne obdr\u017een\u00ed objedn\u00e1vky, p\u0159i platb\u011b p\u0159edem \u2028a z\u00e1silk\u00e1ch do zahrani\u010d\u00ed spole\u010dn\u011b se z\u00e1lohovou fakturou.<br>3) Kupuj\u00edc\u00ed se zavazuje odebrat objednan\u00e9 zbo\u017e\u00ed a zaplatit celkovou cenu za zbo\u017e\u00ed v\u010detn\u011b dodac\u00edch n\u00e1klad\u016f (po\u0161tovn\u00e9, dob\u00edrka) uvedenou v potvrzen\u00ed objedn\u00e1vky.<br>4) Kupuj\u00edc\u00ed m\u00e1 pr\u00e1vo j\u00edm odeslanou objedn\u00e1vku stornovat ozn\u00e1men\u00edm zaslan\u00fdm na emailovou adresu prod\u00e1vaj\u00edc\u00edho info@4cminerals.cz nejpozd\u011bji do jedn\u00e9 hodiny po odesl\u00e1n\u00ed objedn\u00e1vky.<br>5) Prod\u00e1vaj\u00edc\u00ed je opr\u00e1vn\u011bn, v z\u00e1vislosti na charakteru objedn\u00e1vky \u2013 mno\u017estv\u00ed zbo\u017e\u00ed, v\u00fd\u0161e ceny a podobn\u011b &#8211; po\u017e\u00e1dat kupuj\u00edc\u00edho o autorizaci objedn\u00e1vky vhodn\u00fdm zp\u016fsobem (nap\u0159. e-mailem nebo telefonicky). Objedn\u00e1vka se pova\u017euje za neplatnou v p\u0159\u00edpad\u011b, \u017ee kupuj\u00edc\u00ed tuto autorizaci po\u017eadovan\u00fdm zp\u016fsobem odm\u00edtne prov\u00e9st.<br>6) Prod\u00e1vaj\u00edc\u00ed si vyhrazuje pr\u00e1vo na odm\u00edtnut\u00ed objedn\u00e1vky v p\u0159\u00edpad\u011b, \u017ee uveden\u00e9 \u00fadaje o kupuj\u00edc\u00edm nebo m\u00edst\u011b dod\u00e1n\u00ed jsou zav\u00e1d\u011bj\u00edc\u00ed, chybn\u00e9 nebo ne\u00fapln\u00e9.<br>7) Pokud kupuj\u00edc\u00ed nespln\u00ed sv\u016fj z\u00e1vazek odebrat a zaplatit z\u00e1vazn\u011b objednan\u00e9 zbo\u017e\u00ed, prod\u00e1vaj\u00edc\u00ed m\u00e1 pr\u00e1vo vy\u0159izov\u00e1n\u00ed dal\u0161\u00edch objedn\u00e1vek tohoto kupuj\u00edc\u00edho pozastavit nebo odm\u00edtnout.<\/p>\n\n\n\n<p><strong>Odstoupen\u00ed od smlouvy<\/strong><\/p>\n\n\n\n<p>1) Z\u00e1kazn\u00edk m\u00e1 v souladu s \u00a753 odst. 7 ob\u010dansk\u00e9ho z\u00e1kon\u00edku pr\u00e1vo odstoupit od smlouvy do 14 dn\u00ed od p\u0159evzet\u00ed zbo\u017e\u00ed, byla-li kupn\u00ed smlouva uzav\u0159ena pomoc\u00ed prost\u0159edk\u016f komunikace na d\u00e1lku.<br>2) Kupuj\u00edc\u00ed ozn\u00e1m\u00ed odstoupen\u00ed od smlouvy zasl\u00e1n\u00edm emailu na adresu info@4cminerals.cz nebo p\u00edsemn\u011b na adresu prodejny: 4C minerals, s.r.o., Korunn\u00ed 29, 12000 Praha 2 &#8211; Vinohrady.<br>3) Kupuj\u00edc\u00ed za\u0161le zbo\u017e\u00ed na vlastn\u00ed n\u00e1klady zp\u011bt na adresu 4C minerals, s.r.o., Korunn\u00ed 29, 120 00 Praha 2. Vracen\u00e9 zbo\u017e\u00ed spolu s origin\u00e1lem prodejn\u00edho dokladu mus\u00ed b\u00fdt doru\u010deno na danou adresu nejpozd\u011bji 14. den lh\u016fty pro vr\u00e1cen\u00ed.<br>4) Vr\u00e1cen\u00e9 zbo\u017e\u00ed mus\u00ed b\u00fdt kompletn\u00ed dle kupn\u00ed smlouvy, nesm\u00ed vykazovat zn\u00e1mky po\u0161kozen\u00ed. V opa\u010dn\u00e9m p\u0159\u00edpad\u011b prod\u00e1vaj\u00edc\u00ed m\u016f\u017ee zbo\u017e\u00ed odm\u00edtnout nebo po domluv\u011b po kupuj\u00edc\u00edm po\u017eadovat \u00fam\u011brnou n\u00e1hradu z kupn\u00ed ceny.<br>5) V p\u0159\u00edpad\u011b bezprobl\u00e9mov\u00e9ho vr\u00e1cen\u00ed zbo\u017e\u00ed bez ud\u00e1n\u00ed d\u016fvodu p\u0159evede prod\u00e1vaj\u00edc\u00ed plnou cenu na \u00fa\u010det kupuj\u00edc\u00edho bez zbyte\u010dn\u00e9ho odkladu, nejpozd\u011bji v\u0161ak do 30 dn\u016f ode dne uplatn\u011bn\u00ed reklamace. Z t\u00e9to ceny bude ode\u010dteno dopravn\u00e9.<\/p>\n\n\n\n<p><strong>Po\u0161kozen\u00e1 z\u00e1silka<\/strong><\/p>\n\n\n\n<p>Odpov\u011bdnost za p\u0159epravu z\u00e1silky p\u0159eb\u00edr\u00e1 p\u0159epravce. P\u0159i p\u0159evzet\u00ed z\u00e1silky v\u017edy zkontrolujte, zda je obal neporu\u0161en\u00fd a zda z\u00e1silka nevykazuje zjevn\u00e9 znaky po\u0161kozen\u00ed.<\/p>\n\n\n\n<p><strong>Evidence a ochrana osobn\u00edch \u00fadaj\u016f<\/strong><\/p>\n\n\n\n<p>Ve\u0161ker\u00e9 kupuj\u00edc\u00edm poskytnut\u00e9 osobn\u00ed \u00fadaje budou pou\u017eity v\u00fdhradn\u011b pro obchodn\u00ed \u00fa\u010dely prod\u00e1vaj\u00edc\u00edho a nebudou poskytnuty t\u0159et\u00edm osob\u00e1m. Jedinou v\u00fdjimku tvo\u0159\u00ed extern\u00ed dopravci z\u00e1silek (\u010cesk\u00e1 po\u0161ta s.p.apod.). Se v\u0161emi \u00fadaji bude nakl\u00e1d\u00e1no v souladu se z\u00e1konem \u010d. 101\/2000 Sb. o ochran\u011b osobn\u00edch \u00fadaj\u016f.<\/p>\n\n\n\n<p><strong>Z\u00e1v\u011bre\u010dn\u00e1 ustanoven\u00ed<\/strong><\/p>\n\n\n\n<p>1) Pokud tyto obchodn\u00ed podm\u00ednky nestanov\u00ed jinak, \u0159\u00edd\u00ed se pr\u00e1vn\u00ed vztahy mezi smluvn\u00edmi stranami ustanoven\u00edmi z\u00e1kona \u010d. 40\/1964 Sb. ob\u010dansk\u00e9ho z\u00e1kon\u00edku.<br>2) St\u0159\u00edbrn\u00e9 \u0161perky v na\u0161em e-shopu jsou vyrobeny ze st\u0159\u00edbra o ryzosti 925\/000. Jsou ozna\u010den\u00e9 ryzostn\u00ed zna\u010dkou 925\/000, od v\u00e1hy 3g za kus a v\u00fd\u0161e jsou \u0161perky ozna\u010deny odpov\u011bdnostn\u00ed zna\u010dkou a puncovn\u00ed zna\u010dkou (viz. Seznam Puncovn\u00edch zna\u010dek)<\/p>\n\n\n\n<p>&nbsp;<\/p>\n<\/div>\n<\/div><\/div>\n","protected":false},"excerpt":{"rendered":"<p>Obchodn\u00ed podm\u00ednky a ochrana osobn\u00edch \u00fadaj\u016f &nbsp; V\u0161eobecn\u00e1 ustanoven\u00ed Zasl\u00e1n\u00edm z\u00e1vazn\u00e9 objedn\u00e1vky kupuj\u00edc\u00ed potvrzuje, \u017ee se sezn\u00e1mil s t\u011bmito obchodn\u00edmi podm\u00ednkami a \u017ee s nimi souhlas\u00ed. Tyto obchodn\u00ed podm\u00ednky bl\u00ed\u017ee vymezuj\u00ed a up\u0159es\u0148uj\u00ed pr\u00e1va a povinnosti p\u0159i uzav\u0159en\u00ed kupn\u00ed smlouvy mezi prod\u00e1vaj\u00edc\u00edm (4C minerals, s.r.o., I\u010c 285 05 841, provozuj\u00edc\u00edm internetov\u00fd obchod s kameny a<\/p>\n","protected":false},"author":1,"featured_media":0,"parent":0,"menu_order":0,"comment_status":"closed","ping_status":"closed","template":"","meta":{"_acf_changed":false,"_uag_custom_page_level_css":"","footnotes":""},"class_list":["post-3750","page","type-page","status-publish","hentry"],"acf":[],"uagb_featured_image_src":{"full":false,"thumbnail":false,"medium":false,"medium_large":false,"large":false,"1536x1536":false,"2048x2048":false,"archive-list":false,"archive-list-2":false,"woocommerce_thumbnail":false,"woocommerce_single":false,"woocommerce_gallery_thumbnail":false},"uagb_author_info":{"display_name":"Miroslav B\u00e1rta","author_link":"https:\/\/4c.top-me.eu\/en\/author\/miroslavbartambgmail-com\/"},"uagb_comment_info":0,"uagb_excerpt":"Obchodn\u00ed podm\u00ednky a ochrana osobn\u00edch \u00fadaj\u016f &nbsp; V\u0161eobecn\u00e1 ustanoven\u00ed Zasl\u00e1n\u00edm z\u00e1vazn\u00e9 objedn\u00e1vky kupuj\u00edc\u00ed potvrzuje, \u017ee se sezn\u00e1mil s t\u011bmito obchodn\u00edmi podm\u00ednkami a \u017ee s nimi souhlas\u00ed. Tyto obchodn\u00ed podm\u00ednky bl\u00ed\u017ee vymezuj\u00ed a up\u0159es\u0148uj\u00ed pr\u00e1va a povinnosti p\u0159i uzav\u0159en\u00ed kupn\u00ed smlouvy mezi prod\u00e1vaj\u00edc\u00edm (4C minerals, s.r.o., I\u010c 285 05 841, provozuj\u00edc\u00edm internetov\u00fd obchod s kameny a","_links":{"self":[{"href":"https:\/\/4c.top-me.eu\/en\/wp-json\/wp\/v2\/pages\/3750","targetHints":{"allow":["GET"]}}],"collection":[{"href":"https:\/\/4c.top-me.eu\/en\/wp-json\/wp\/v2\/pages"}],"about":[{"href":"https:\/\/4c.top-me.eu\/en\/wp-json\/wp\/v2\/types\/page"}],"author":[{"embeddable":true,"href":"https:\/\/4c.top-me.eu\/en\/wp-json\/wp\/v2\/users\/1"}],"replies":[{"embeddable":true,"href":"https:\/\/4c.top-me.eu\/en\/wp-json\/wp\/v2\/comments?post=3750"}],"version-history":[{"count":5,"href":"https:\/\/4c.top-me.eu\/en\/wp-json\/wp\/v2\/pages\/3750\/revisions"}],"predecessor-version":[{"id":31680,"href":"https:\/\/4c.top-me.eu\/en\/wp-json\/wp\/v2\/pages\/3750\/revisions\/31680"}],"wp:attachment":[{"href":"https:\/\/4c.top-me.eu\/en\/wp-json\/wp\/v2\/media?parent=3750"}],"curies":[{"name":"wp","href":"https:\/\/api.w.org\/{rel}","templated":true}]}}